{"id":777,"date":"2020-12-08T15:47:18","date_gmt":"2020-12-08T14:47:18","guid":{"rendered":"https:\/\/www.smsigna.com\/?page_id=777"},"modified":"2021-01-25T16:00:13","modified_gmt":"2021-01-25T15:00:13","slug":"mobilier-urbain-corbeille-bordeaux-2","status":"publish","type":"page","link":"https:\/\/www.smsigna.com\/index.php\/mobilier-urbain-corbeille-bordeaux-2\/","title":{"rendered":"Acc\u00e9s PMR"},"content":{"rendered":"\t\t<div data-elementor-type=\"wp-page\" data-elementor-id=\"777\" class=\"elementor elementor-777\">\n\t\t\t\t\t\t<div class=\"elementor-inner\">\n\t\t\t\t<div class=\"elementor-section-wrap\">\n\t\t\t\t\t\t\t\t\t<section class=\"elementor-section elementor-top-section elementor-element elementor-element-c4110f9 elementor-section-stretched elementor-section-boxed elementor-section-height-default elementor-section-height-default\" data-id=\"c4110f9\" data-element_type=\"section\" data-settings=\"{&quot;stretch_section&quot;:&quot;section-stretched&quot;}\">\n\t\t\t\t\t\t<div class=\"elementor-container elementor-column-gap-default\">\n\t\t\t\t\t\t\t<div class=\"elementor-row\">\n\t\t\t\t\t<div class=\"elementor-column elementor-col-100 elementor-top-column elementor-element elementor-element-0aa939d\" data-id=\"0aa939d\" data-element_type=\"column\">\n\t\t\t<div class=\"elementor-column-wrap elementor-element-populated\">\n\t\t\t\t\t\t\t<div class=\"elementor-widget-wrap\">\n\t\t\t\t\t\t<div class=\"elementor-element elementor-element-e1d6645 elementor-widget elementor-widget-text-editor\" data-id=\"e1d6645\" data-element_type=\"widget\" data-widget_type=\"text-editor.default\">\n\t\t\t\t<div class=\"elementor-widget-container\">\n\t\t\t\t\t\t\t\t<div class=\"elementor-text-editor elementor-clearfix\">\n\t\t\t\t<p>Toujours soucieux de r\u00e9pondre aux besoins particuliers, nous proposons les plaques podotactiles destin\u00e9es aux non-voyants, les rampes d\u2019acc\u00e8s PMR et bandes anti-d\u00e9rapantes. Pour que chaque acc\u00e8s soit possible \u00e0 tous et en toute s\u00e9curit\u00e9.<\/p>\t\t\t\t\t<\/div>\n\t\t\t\t\t\t<\/div>\n\t\t\t\t<\/div>\n\t\t\t\t\t\t<\/div>\n\t\t\t\t\t<\/div>\n\t\t<\/div>\n\t\t\t\t\t\t\t\t<\/div>\n\t\t\t\t\t<\/div>\n\t\t<\/section>\n\t\t\t\t<section class=\"elementor-section elementor-top-section elementor-element elementor-element-423c58d5 elementor-section-stretched elementor-section-boxed elementor-section-height-default elementor-section-height-default\" data-id=\"423c58d5\" data-element_type=\"section\" data-settings=\"{&quot;background_background&quot;:&quot;classic&quot;,&quot;stretch_section&quot;:&quot;section-stretched&quot;}\">\n\t\t\t\t\t\t<div class=\"elementor-container elementor-column-gap-no\">\n\t\t\t\t\t\t\t<div class=\"elementor-row\">\n\t\t\t\t\t<div class=\"elementor-column elementor-col-100 elementor-top-column elementor-element elementor-element-36f405 elementor-invisible\" data-id=\"36f405\" data-element_type=\"column\" data-settings=\"{&quot;animation&quot;:&quot;fadeInUp&quot;}\">\n\t\t\t<div class=\"elementor-column-wrap elementor-element-populated\">\n\t\t\t\t\t\t\t<div class=\"elementor-widget-wrap\">\n\t\t\t\t\t\t<section class=\"elementor-section elementor-inner-section elementor-element elementor-element-1ae931e5 elementor-section-content-middle elementor-section-boxed elementor-section-height-default elementor-section-height-default\" data-id=\"1ae931e5\" data-element_type=\"section\">\n\t\t\t\t\t\t<div class=\"elementor-container elementor-column-gap-no\">\n\t\t\t\t\t\t\t<div class=\"elementor-row\">\n\t\t\t\t\t<div class=\"elementor-column elementor-col-50 elementor-inner-column elementor-element elementor-element-1214119f\" data-id=\"1214119f\" data-element_type=\"column\" data-settings=\"{&quot;background_background&quot;:&quot;classic&quot;}\">\n\t\t\t<div class=\"elementor-column-wrap elementor-element-populated\">\n\t\t\t\t\t\t\t<div class=\"elementor-widget-wrap\">\n\t\t\t\t\t\t<div class=\"elementor-element elementor-element-6985e56f elementor-widget elementor-widget-text-editor\" data-id=\"6985e56f\" data-element_type=\"widget\" data-settings=\"{&quot;_animation&quot;:&quot;none&quot;}\" data-widget_type=\"text-editor.default\">\n\t\t\t\t<div class=\"elementor-widget-container\">\n\t\t\t\t\t\t\t\t<div class=\"elementor-text-editor elementor-clearfix\">\n\t\t\t\t<h1 class=\"title colors\">Bandes et dalles podotactiles<\/h1><h2 class=\"subtitle\">Bandes d&rsquo;\u00e9veil de vigilance et d&rsquo;aide \u00e0 l&rsquo;orientation, clous et pastilles podotactiles.<\/h2><p>\u00a0<\/p>\t\t\t\t\t<\/div>\n\t\t\t\t\t\t<\/div>\n\t\t\t\t<\/div>\n\t\t\t\t\t\t<\/div>\n\t\t\t\t\t<\/div>\n\t\t<\/div>\n\t\t\t\t<div class=\"elementor-column elementor-col-50 elementor-inner-column elementor-element elementor-element-6616e624\" data-id=\"6616e624\" data-element_type=\"column\" data-settings=\"{&quot;background_background&quot;:&quot;classic&quot;}\">\n\t\t\t<div class=\"elementor-column-wrap elementor-element-populated\">\n\t\t\t\t\t\t\t<div class=\"elementor-widget-wrap\">\n\t\t\t\t\t\t<div class=\"elementor-element elementor-element-4e103edb elementor-widget elementor-widget-spacer\" data-id=\"4e103edb\" data-element_type=\"widget\" data-widget_type=\"spacer.default\">\n\t\t\t\t<div class=\"elementor-widget-container\">\n\t\t\t\t\t<div class=\"elementor-spacer\">\n\t\t\t<div class=\"elementor-spacer-inner\"><\/div>\n\t\t<\/div>\n\t\t\t\t<\/div>\n\t\t\t\t<\/div>\n\t\t\t\t\t\t<\/div>\n\t\t\t\t\t<\/div>\n\t\t<\/div>\n\t\t\t\t\t\t\t\t<\/div>\n\t\t\t\t\t<\/div>\n\t\t<\/section>\n\t\t\t\t\t\t<\/div>\n\t\t\t\t\t<\/div>\n\t\t<\/div>\n\t\t\t\t\t\t\t\t<\/div>\n\t\t\t\t\t<\/div>\n\t\t<\/section>\n\t\t\t\t\t\t\t\t\t<\/div>\n\t\t\t<\/div>\n\t\t\t\t\t<\/div>\n\t\t","protected":false},"excerpt":{"rendered":"<p>(acc\u00e8s pmr mobilier urbain) Toujours soucieux de r\u00e9pondre aux besoins particuliers, nous proposons les plaques podotactiles destin\u00e9es aux non-voyants, les rampes d\u2019acc\u00e8s [&hellip;]<\/p>\n","protected":false},"author":1,"featured_media":0,"parent":0,"menu_order":0,"comment_status":"closed","ping_status":"closed","template":"","meta":{"footnotes":""},"class_list":["post-777","page","type-page","status-publish","hentry"],"yoast_head":"<!-- This site is optimized with the Yoast SEO plugin v23.8 - https:\/\/yoast.com\/wordpress\/plugins\/seo\/ -->\n<title>Soci\u00e9t\u00e9 moderne des signalisations mobilier urbain corbeille bordeaux<\/title>\n<meta name=\"description\" content=\"Acc\u00e8s pmr - mobilier urbain corbeille bordeaux - Bandes et dalles podotactiles - rampe d&#039;acc\u00e8s personne \u00e0 mobilit\u00e9 r\u00e9duite\" \/>\n<meta name=\"robots\" content=\"index, follow, max-snippet:-1, max-image-preview:large, max-video-preview:-1\" \/>\n<link rel=\"canonical\" href=\"https:\/\/www.smsigna.com\/index.php\/mobilier-urbain-corbeille-bordeaux-2\/\" \/>\n<meta property=\"og:locale\" content=\"fr_FR\" \/>\n<meta property=\"og:type\" content=\"article\" \/>\n<meta property=\"og:title\" content=\"Soci\u00e9t\u00e9 moderne des signalisations mobilier urbain corbeille bordeaux\" \/>\n<meta property=\"og:description\" content=\"Acc\u00e8s pmr - mobilier urbain corbeille bordeaux - Bandes et dalles podotactiles - rampe d&#039;acc\u00e8s personne \u00e0 mobilit\u00e9 r\u00e9duite\" \/>\n<meta property=\"og:url\" content=\"https:\/\/www.smsigna.com\/index.php\/mobilier-urbain-corbeille-bordeaux-2\/\" \/>\n<meta property=\"og:site_name\" content=\"Soci\u00e9t\u00e9 moderne des signalisations\" \/>\n<meta property=\"article:modified_time\" content=\"2021-01-25T15:00:13+00:00\" \/>\n<meta name=\"twitter:card\" content=\"summary_large_image\" \/>\n<meta name=\"twitter:label1\" content=\"Dur\u00e9e de lecture estim\u00e9e\" \/>\n\t<meta name=\"twitter:data1\" content=\"1 minute\" \/>\n<script type=\"application\/ld+json\" class=\"yoast-schema-graph\">{\"@context\":\"https:\/\/schema.org\",\"@graph\":[{\"@type\":\"WebPage\",\"@id\":\"https:\/\/www.smsigna.com\/index.php\/mobilier-urbain-corbeille-bordeaux-2\/\",\"url\":\"https:\/\/www.smsigna.com\/index.php\/mobilier-urbain-corbeille-bordeaux-2\/\",\"name\":\"Soci\u00e9t\u00e9 moderne des signalisations mobilier urbain corbeille bordeaux\",\"isPartOf\":{\"@id\":\"https:\/\/www.smsigna.com\/#website\"},\"datePublished\":\"2020-12-08T14:47:18+00:00\",\"dateModified\":\"2021-01-25T15:00:13+00:00\",\"description\":\"Acc\u00e8s pmr - mobilier urbain corbeille bordeaux - Bandes et dalles podotactiles - rampe d'acc\u00e8s personne \u00e0 mobilit\u00e9 r\u00e9duite\",\"breadcrumb\":{\"@id\":\"https:\/\/www.smsigna.com\/index.php\/mobilier-urbain-corbeille-bordeaux-2\/#breadcrumb\"},\"inLanguage\":\"fr-FR\",\"potentialAction\":[{\"@type\":\"ReadAction\",\"target\":[\"https:\/\/www.smsigna.com\/index.php\/mobilier-urbain-corbeille-bordeaux-2\/\"]}]},{\"@type\":\"BreadcrumbList\",\"@id\":\"https:\/\/www.smsigna.com\/index.php\/mobilier-urbain-corbeille-bordeaux-2\/#breadcrumb\",\"itemListElement\":[{\"@type\":\"ListItem\",\"position\":1,\"name\":\"Accueil\",\"item\":\"https:\/\/www.smsigna.com\/\"},{\"@type\":\"ListItem\",\"position\":2,\"name\":\"Acc\u00e9s PMR\"}]},{\"@type\":\"WebSite\",\"@id\":\"https:\/\/www.smsigna.com\/#website\",\"url\":\"https:\/\/www.smsigna.com\/\",\"name\":\"Soci\u00e9t\u00e9 moderne des signalisations\",\"description\":\"soci\u00e9t\u00e9 de signalisation\",\"publisher\":{\"@id\":\"https:\/\/www.smsigna.com\/#organization\"},\"potentialAction\":[{\"@type\":\"SearchAction\",\"target\":{\"@type\":\"EntryPoint\",\"urlTemplate\":\"https:\/\/www.smsigna.com\/?s={search_term_string}\"},\"query-input\":{\"@type\":\"PropertyValueSpecification\",\"valueRequired\":true,\"valueName\":\"search_term_string\"}}],\"inLanguage\":\"fr-FR\"},{\"@type\":\"Organization\",\"@id\":\"https:\/\/www.smsigna.com\/#organization\",\"name\":\"soci\u00e9t\u00e9 moderne des signalisations\",\"url\":\"https:\/\/www.smsigna.com\/\",\"logo\":{\"@type\":\"ImageObject\",\"inLanguage\":\"fr-FR\",\"@id\":\"https:\/\/www.smsigna.com\/#\/schema\/logo\/image\/\",\"url\":\"https:\/\/www.smsigna.com\/wp-content\/uploads\/2021\/01\/logo-rond-sms-2020.jpg\",\"contentUrl\":\"https:\/\/www.smsigna.com\/wp-content\/uploads\/2021\/01\/logo-rond-sms-2020.jpg\",\"width\":1499,\"height\":1306,\"caption\":\"soci\u00e9t\u00e9 moderne des signalisations\"},\"image\":{\"@id\":\"https:\/\/www.smsigna.com\/#\/schema\/logo\/image\/\"}}]}<\/script>\n<!-- \/ Yoast SEO plugin. -->","yoast_head_json":{"title":"Soci\u00e9t\u00e9 moderne des signalisations mobilier urbain corbeille bordeaux","description":"Acc\u00e8s pmr - mobilier urbain corbeille bordeaux - Bandes et dalles podotactiles - rampe d'acc\u00e8s personne \u00e0 mobilit\u00e9 r\u00e9duite","robots":{"index":"index","follow":"follow","max-snippet":"max-snippet:-1","max-image-preview":"max-image-preview:large","max-video-preview":"max-video-preview:-1"},"canonical":"https:\/\/www.smsigna.com\/index.php\/mobilier-urbain-corbeille-bordeaux-2\/","og_locale":"fr_FR","og_type":"article","og_title":"Soci\u00e9t\u00e9 moderne des signalisations mobilier urbain corbeille bordeaux","og_description":"Acc\u00e8s pmr - mobilier urbain corbeille bordeaux - Bandes et dalles podotactiles - rampe d'acc\u00e8s personne \u00e0 mobilit\u00e9 r\u00e9duite","og_url":"https:\/\/www.smsigna.com\/index.php\/mobilier-urbain-corbeille-bordeaux-2\/","og_site_name":"Soci\u00e9t\u00e9 moderne des signalisations","article_modified_time":"2021-01-25T15:00:13+00:00","twitter_card":"summary_large_image","twitter_misc":{"Dur\u00e9e de lecture estim\u00e9e":"1 minute"},"schema":{"@context":"https:\/\/schema.org","@graph":[{"@type":"WebPage","@id":"https:\/\/www.smsigna.com\/index.php\/mobilier-urbain-corbeille-bordeaux-2\/","url":"https:\/\/www.smsigna.com\/index.php\/mobilier-urbain-corbeille-bordeaux-2\/","name":"Soci\u00e9t\u00e9 moderne des signalisations mobilier urbain corbeille bordeaux","isPartOf":{"@id":"https:\/\/www.smsigna.com\/#website"},"datePublished":"2020-12-08T14:47:18+00:00","dateModified":"2021-01-25T15:00:13+00:00","description":"Acc\u00e8s pmr - mobilier urbain corbeille bordeaux - Bandes et dalles podotactiles - rampe d'acc\u00e8s personne \u00e0 mobilit\u00e9 r\u00e9duite","breadcrumb":{"@id":"https:\/\/www.smsigna.com\/index.php\/mobilier-urbain-corbeille-bordeaux-2\/#breadcrumb"},"inLanguage":"fr-FR","potentialAction":[{"@type":"ReadAction","target":["https:\/\/www.smsigna.com\/index.php\/mobilier-urbain-corbeille-bordeaux-2\/"]}]},{"@type":"BreadcrumbList","@id":"https:\/\/www.smsigna.com\/index.php\/mobilier-urbain-corbeille-bordeaux-2\/#breadcrumb","itemListElement":[{"@type":"ListItem","position":1,"name":"Accueil","item":"https:\/\/www.smsigna.com\/"},{"@type":"ListItem","position":2,"name":"Acc\u00e9s PMR"}]},{"@type":"WebSite","@id":"https:\/\/www.smsigna.com\/#website","url":"https:\/\/www.smsigna.com\/","name":"Soci\u00e9t\u00e9 moderne des signalisations","description":"soci\u00e9t\u00e9 de signalisation","publisher":{"@id":"https:\/\/www.smsigna.com\/#organization"},"potentialAction":[{"@type":"SearchAction","target":{"@type":"EntryPoint","urlTemplate":"https:\/\/www.smsigna.com\/?s={search_term_string}"},"query-input":{"@type":"PropertyValueSpecification","valueRequired":true,"valueName":"search_term_string"}}],"inLanguage":"fr-FR"},{"@type":"Organization","@id":"https:\/\/www.smsigna.com\/#organization","name":"soci\u00e9t\u00e9 moderne des signalisations","url":"https:\/\/www.smsigna.com\/","logo":{"@type":"ImageObject","inLanguage":"fr-FR","@id":"https:\/\/www.smsigna.com\/#\/schema\/logo\/image\/","url":"https:\/\/www.smsigna.com\/wp-content\/uploads\/2021\/01\/logo-rond-sms-2020.jpg","contentUrl":"https:\/\/www.smsigna.com\/wp-content\/uploads\/2021\/01\/logo-rond-sms-2020.jpg","width":1499,"height":1306,"caption":"soci\u00e9t\u00e9 moderne des signalisations"},"image":{"@id":"https:\/\/www.smsigna.com\/#\/schema\/logo\/image\/"}}]}},"_links":{"self":[{"href":"https:\/\/www.smsigna.com\/index.php\/wp-json\/wp\/v2\/pages\/777","targetHints":{"allow":["GET"]}}],"collection":[{"href":"https:\/\/www.smsigna.com\/index.php\/wp-json\/wp\/v2\/pages"}],"about":[{"href":"https:\/\/www.smsigna.com\/index.php\/wp-json\/wp\/v2\/types\/page"}],"author":[{"embeddable":true,"href":"https:\/\/www.smsigna.com\/index.php\/wp-json\/wp\/v2\/users\/1"}],"replies":[{"embeddable":true,"href":"https:\/\/www.smsigna.com\/index.php\/wp-json\/wp\/v2\/comments?post=777"}],"version-history":[{"count":22,"href":"https:\/\/www.smsigna.com\/index.php\/wp-json\/wp\/v2\/pages\/777\/revisions"}],"predecessor-version":[{"id":2857,"href":"https:\/\/www.smsigna.com\/index.php\/wp-json\/wp\/v2\/pages\/777\/revisions\/2857"}],"wp:attachment":[{"href":"https:\/\/www.smsigna.com\/index.php\/wp-json\/wp\/v2\/media?parent=777"}],"curies":[{"name":"wp","href":"https:\/\/api.w.org\/{rel}","templated":true}]}}