{"id":771,"date":"2020-12-08T15:47:18","date_gmt":"2020-12-08T14:47:18","guid":{"rendered":"https:\/\/www.smsigna.com\/?page_id=771"},"modified":"2021-01-19T16:09:13","modified_gmt":"2021-01-19T15:09:13","slug":"potelet-protection-securite-collectivite","status":"publish","type":"page","link":"https:\/\/www.smsigna.com\/index.php\/potelet-protection-securite-collectivite\/","title":{"rendered":"Potelet"},"content":{"rendered":"\t\t<div data-elementor-type=\"wp-page\" data-elementor-id=\"771\" class=\"elementor elementor-771\">\n\t\t\t\t\t\t<div class=\"elementor-inner\">\n\t\t\t\t<div class=\"elementor-section-wrap\">\n\t\t\t\t\t\t\t\t\t<section class=\"elementor-section elementor-top-section elementor-element elementor-element-454bb1b elementor-section-stretched elementor-section-boxed elementor-section-height-default elementor-section-height-default\" data-id=\"454bb1b\" data-element_type=\"section\" data-settings=\"{&quot;stretch_section&quot;:&quot;section-stretched&quot;}\">\n\t\t\t\t\t\t<div class=\"elementor-container elementor-column-gap-default\">\n\t\t\t\t\t\t\t<div class=\"elementor-row\">\n\t\t\t\t\t<div class=\"elementor-column elementor-col-100 elementor-top-column elementor-element elementor-element-bc5ea35\" data-id=\"bc5ea35\" data-element_type=\"column\">\n\t\t\t<div class=\"elementor-column-wrap elementor-element-populated\">\n\t\t\t\t\t\t\t<div class=\"elementor-widget-wrap\">\n\t\t\t\t\t\t<div class=\"elementor-element elementor-element-fb2a520 elementor-widget elementor-widget-text-editor\" data-id=\"fb2a520\" data-element_type=\"widget\" data-widget_type=\"text-editor.default\">\n\t\t\t\t<div class=\"elementor-widget-container\">\n\t\t\t\t\t\t\t\t<div class=\"elementor-text-editor elementor-clearfix\">\n\t\t\t\t<p>La protection et la s\u00e9curit\u00e9 sont des valeurs essentielles que les communes et collectivit\u00e9s ne manquent pas de faire appara\u00eetre dans leur environnement. Pour r\u00e9pondre \u00e0 ces imp\u00e9ratifs, nous vous proposons une multitude de produits regroupant l\u2019\u00e9quipement de protection urbain.<\/p>\t\t\t\t\t<\/div>\n\t\t\t\t\t\t<\/div>\n\t\t\t\t<\/div>\n\t\t\t\t\t\t<\/div>\n\t\t\t\t\t<\/div>\n\t\t<\/div>\n\t\t\t\t\t\t\t\t<\/div>\n\t\t\t\t\t<\/div>\n\t\t<\/section>\n\t\t\t\t<section class=\"elementor-section elementor-top-section elementor-element elementor-element-6ceac40f elementor-section-stretched elementor-section-boxed elementor-section-height-default elementor-section-height-default\" data-id=\"6ceac40f\" data-element_type=\"section\" data-settings=\"{&quot;background_background&quot;:&quot;classic&quot;,&quot;stretch_section&quot;:&quot;section-stretched&quot;}\">\n\t\t\t\t\t\t<div class=\"elementor-container elementor-column-gap-no\">\n\t\t\t\t\t\t\t<div class=\"elementor-row\">\n\t\t\t\t\t<div class=\"elementor-column elementor-col-100 elementor-top-column elementor-element elementor-element-49c457b6\" data-id=\"49c457b6\" data-element_type=\"column\">\n\t\t\t<div class=\"elementor-column-wrap elementor-element-populated\">\n\t\t\t\t\t\t\t<div class=\"elementor-widget-wrap\">\n\t\t\t\t\t\t<section class=\"elementor-section elementor-inner-section elementor-element elementor-element-63f3ed1b elementor-section-content-middle elementor-section-boxed elementor-section-height-default elementor-section-height-default\" data-id=\"63f3ed1b\" data-element_type=\"section\">\n\t\t\t\t\t\t<div class=\"elementor-container elementor-column-gap-no\">\n\t\t\t\t\t\t\t<div class=\"elementor-row\">\n\t\t\t\t\t<div class=\"elementor-column elementor-col-50 elementor-inner-column elementor-element elementor-element-43888ae\" data-id=\"43888ae\" data-element_type=\"column\" data-settings=\"{&quot;background_background&quot;:&quot;classic&quot;}\">\n\t\t\t<div class=\"elementor-column-wrap elementor-element-populated\">\n\t\t\t\t\t\t\t<div class=\"elementor-widget-wrap\">\n\t\t\t\t\t\t<div class=\"elementor-element elementor-element-3250f611 elementor-widget elementor-widget-heading\" data-id=\"3250f611\" data-element_type=\"widget\" data-widget_type=\"heading.default\">\n\t\t\t\t<div class=\"elementor-widget-container\">\n\t\t\t<h3 class=\"elementor-heading-title elementor-size-large\">PoteletS<\/h3>\t\t<\/div>\n\t\t\t\t<\/div>\n\t\t\t\t<div class=\"elementor-element elementor-element-11205dee elementor-widget-divider--view-line elementor-widget elementor-widget-divider\" data-id=\"11205dee\" data-element_type=\"widget\" data-widget_type=\"divider.default\">\n\t\t\t\t<div class=\"elementor-widget-container\">\n\t\t\t\t\t<div class=\"elementor-divider\">\n\t\t\t<span class=\"elementor-divider-separator\">\n\t\t\t\t\t\t<\/span>\n\t\t<\/div>\n\t\t\t\t<\/div>\n\t\t\t\t<\/div>\n\t\t\t\t<div class=\"elementor-element elementor-element-2e368cfb elementor-widget elementor-widget-text-editor\" data-id=\"2e368cfb\" data-element_type=\"widget\" data-widget_type=\"text-editor.default\">\n\t\t\t\t<div class=\"elementor-widget-container\">\n\t\t\t\t\t\t\t\t<div class=\"elementor-text-editor elementor-clearfix\">\n\t\t\t\t<p>SMS est soucieux de proposer des solutions de s\u00e9curit\u00e9 pour prot\u00e9ger tous les usagers. Nous proposons une large gamme de mobiliers urbain de protection et s\u00e9curit\u00e9 conformes \u00e0 la norme PMR (personne \u00e0 mobilit\u00e9 r\u00e9duite).<\/p>\t\t\t\t\t<\/div>\n\t\t\t\t\t\t<\/div>\n\t\t\t\t<\/div>\n\t\t\t\t\t\t<\/div>\n\t\t\t\t\t<\/div>\n\t\t<\/div>\n\t\t\t\t<div class=\"elementor-column elementor-col-50 elementor-inner-column elementor-element elementor-element-5be008b2\" data-id=\"5be008b2\" data-element_type=\"column\" data-settings=\"{&quot;background_background&quot;:&quot;classic&quot;}\">\n\t\t\t<div class=\"elementor-column-wrap elementor-element-populated\">\n\t\t\t\t\t\t\t<div class=\"elementor-widget-wrap\">\n\t\t\t\t\t\t<div class=\"elementor-element elementor-element-290829cf elementor-widget elementor-widget-spacer\" data-id=\"290829cf\" data-element_type=\"widget\" data-widget_type=\"spacer.default\">\n\t\t\t\t<div class=\"elementor-widget-container\">\n\t\t\t\t\t<div class=\"elementor-spacer\">\n\t\t\t<div class=\"elementor-spacer-inner\"><\/div>\n\t\t<\/div>\n\t\t\t\t<\/div>\n\t\t\t\t<\/div>\n\t\t\t\t\t\t<\/div>\n\t\t\t\t\t<\/div>\n\t\t<\/div>\n\t\t\t\t\t\t\t\t<\/div>\n\t\t\t\t\t<\/div>\n\t\t<\/section>\n\t\t\t\t<section class=\"elementor-section elementor-inner-section elementor-element elementor-element-5ec383ee elementor-section-content-middle elementor-reverse-mobile elementor-section-boxed elementor-section-height-default elementor-section-height-default\" data-id=\"5ec383ee\" data-element_type=\"section\">\n\t\t\t\t\t\t<div class=\"elementor-container elementor-column-gap-no\">\n\t\t\t\t\t\t\t<div class=\"elementor-row\">\n\t\t\t\t\t<div class=\"elementor-column elementor-col-50 elementor-inner-column elementor-element elementor-element-6a86891d\" data-id=\"6a86891d\" data-element_type=\"column\" data-settings=\"{&quot;background_background&quot;:&quot;slideshow&quot;,&quot;background_slideshow_gallery&quot;:[{&quot;id&quot;:2307,&quot;url&quot;:&quot;http:\\\/\\\/www.smsigna.com\\\/wp-content\\\/uploads\\\/2020\\\/12\\\/DSC_4601-scaled.jpg&quot;},{&quot;id&quot;:2306,&quot;url&quot;:&quot;http:\\\/\\\/www.smsigna.com\\\/wp-content\\\/uploads\\\/2020\\\/12\\\/603_15815837810434789049795757624208-scaled.jpg&quot;},{&quot;id&quot;:2308,&quot;url&quot;:&quot;http:\\\/\\\/www.smsigna.com\\\/wp-content\\\/uploads\\\/2020\\\/12\\\/DSC_4611-scaled.jpg&quot;}],&quot;background_slideshow_slide_transition&quot;:&quot;slide_left&quot;,&quot;background_slideshow_loop&quot;:&quot;yes&quot;,&quot;background_slideshow_slide_duration&quot;:5000,&quot;background_slideshow_transition_duration&quot;:500}\">\n\t\t\t<div class=\"elementor-column-wrap elementor-element-populated\">\n\t\t\t\t\t\t\t<div class=\"elementor-widget-wrap\">\n\t\t\t\t\t\t<div class=\"elementor-element elementor-element-3f38a45a elementor-widget elementor-widget-spacer\" data-id=\"3f38a45a\" data-element_type=\"widget\" data-widget_type=\"spacer.default\">\n\t\t\t\t<div class=\"elementor-widget-container\">\n\t\t\t\t\t<div class=\"elementor-spacer\">\n\t\t\t<div class=\"elementor-spacer-inner\"><\/div>\n\t\t<\/div>\n\t\t\t\t<\/div>\n\t\t\t\t<\/div>\n\t\t\t\t\t\t<\/div>\n\t\t\t\t\t<\/div>\n\t\t<\/div>\n\t\t\t\t<div class=\"elementor-column elementor-col-50 elementor-inner-column elementor-element elementor-element-728d59a7\" data-id=\"728d59a7\" data-element_type=\"column\" data-settings=\"{&quot;background_background&quot;:&quot;classic&quot;}\">\n\t\t\t<div class=\"elementor-column-wrap elementor-element-populated\">\n\t\t\t\t\t\t\t<div class=\"elementor-widget-wrap\">\n\t\t\t\t\t\t<div class=\"elementor-element elementor-element-665a7dba elementor-widget elementor-widget-heading\" data-id=\"665a7dba\" data-element_type=\"widget\" data-widget_type=\"heading.default\">\n\t\t\t\t<div class=\"elementor-widget-container\">\n\t\t\t<h3 class=\"elementor-heading-title elementor-size-large\">Mobilier de protection<\/h3>\t\t<\/div>\n\t\t\t\t<\/div>\n\t\t\t\t<div class=\"elementor-element elementor-element-5eb5eebf elementor-widget-divider--view-line elementor-widget elementor-widget-divider\" data-id=\"5eb5eebf\" data-element_type=\"widget\" data-widget_type=\"divider.default\">\n\t\t\t\t<div class=\"elementor-widget-container\">\n\t\t\t\t\t<div class=\"elementor-divider\">\n\t\t\t<span class=\"elementor-divider-separator\">\n\t\t\t\t\t\t<\/span>\n\t\t<\/div>\n\t\t\t\t<\/div>\n\t\t\t\t<\/div>\n\t\t\t\t<div class=\"elementor-element elementor-element-5a9282b0 elementor-widget elementor-widget-text-editor\" data-id=\"5a9282b0\" data-element_type=\"widget\" data-widget_type=\"text-editor.default\">\n\t\t\t\t<div class=\"elementor-widget-container\">\n\t\t\t\t\t\t\t\t<div class=\"elementor-text-editor elementor-clearfix\">\n\t\t\t\t<p>Dans une ville multimodale o\u00f9 les moyens de d\u00e9placement se juxtaposent (transports en commun, v\u00e9los, voitures, pi\u00e9tons, \u2026), SMS vous propose des mobiliers de protection et de s\u00e9curit\u00e9 pour des flux s\u00e9curis\u00e9s.<\/p>\t\t\t\t\t<\/div>\n\t\t\t\t\t\t<\/div>\n\t\t\t\t<\/div>\n\t\t\t\t\t\t<\/div>\n\t\t\t\t\t<\/div>\n\t\t<\/div>\n\t\t\t\t\t\t\t\t<\/div>\n\t\t\t\t\t<\/div>\n\t\t<\/section>\n\t\t\t\t<section class=\"elementor-section elementor-inner-section elementor-element elementor-element-50cf5577 elementor-section-content-middle elementor-section-boxed elementor-section-height-default elementor-section-height-default\" data-id=\"50cf5577\" data-element_type=\"section\">\n\t\t\t\t\t\t<div class=\"elementor-container elementor-column-gap-no\">\n\t\t\t\t\t\t\t<div class=\"elementor-row\">\n\t\t\t\t\t<div class=\"elementor-column elementor-col-50 elementor-inner-column elementor-element elementor-element-1c6161e9\" data-id=\"1c6161e9\" data-element_type=\"column\" data-settings=\"{&quot;background_background&quot;:&quot;classic&quot;}\">\n\t\t\t<div class=\"elementor-column-wrap elementor-element-populated\">\n\t\t\t\t\t\t\t<div class=\"elementor-widget-wrap\">\n\t\t\t\t\t\t<div class=\"elementor-element elementor-element-6d1c976b elementor-widget elementor-widget-heading\" data-id=\"6d1c976b\" data-element_type=\"widget\" data-widget_type=\"heading.default\">\n\t\t\t\t<div class=\"elementor-widget-container\">\n\t\t\t<h3 class=\"elementor-heading-title elementor-size-large\">Exemples de MOD\u00e8LES<\/h3>\t\t<\/div>\n\t\t\t\t<\/div>\n\t\t\t\t<div class=\"elementor-element elementor-element-42ea4ce0 elementor-widget-divider--view-line elementor-widget elementor-widget-divider\" data-id=\"42ea4ce0\" data-element_type=\"widget\" data-widget_type=\"divider.default\">\n\t\t\t\t<div class=\"elementor-widget-container\">\n\t\t\t\t\t<div class=\"elementor-divider\">\n\t\t\t<span class=\"elementor-divider-separator\">\n\t\t\t\t\t\t<\/span>\n\t\t<\/div>\n\t\t\t\t<\/div>\n\t\t\t\t<\/div>\n\t\t\t\t<div class=\"elementor-element elementor-element-744b6860 elementor-widget elementor-widget-text-editor\" data-id=\"744b6860\" data-element_type=\"widget\" data-widget_type=\"text-editor.default\">\n\t\t\t\t<div class=\"elementor-widget-container\">\n\t\t\t\t\t\t\t\t<div class=\"elementor-text-editor elementor-clearfix\">\n\t\t\t\t<p>&#8211; Potelet boule peint thermolaqu\u00e9, coloris au choix. Corps en tube acier de diam\u00e8tre 76 mm. T\u00eate en fonte d\u2019aluminium.<\/p><p>&#8211; Poteaux \u00e0 m\u00e9moire de forme se plient et reviennent \u00e0 leur position initiale quand le v\u00e9hicule se retire.<\/p><p>&#8211; Potelet sur platine peint thermolaqu\u00e9, coloris (RAL) au choix. Corps en tube acier de diam\u00e8tre 76 mm. <br \/>T\u00eate en fonte d\u2019aluminium. Platine en t\u00f4le acier \u00e9paisseur de 15 mm et de diam\u00e8tre 18 cm.<\/p><p>&#8211; Borne basse en fonte.<\/p><p>Le diam\u00e8tre, la t\u00eate ou la forme du potelet peuvent \u00eatre adapt\u00e9s sur demande.<\/p>\t\t\t\t\t<\/div>\n\t\t\t\t\t\t<\/div>\n\t\t\t\t<\/div>\n\t\t\t\t\t\t<\/div>\n\t\t\t\t\t<\/div>\n\t\t<\/div>\n\t\t\t\t<div class=\"elementor-column elementor-col-50 elementor-inner-column elementor-element elementor-element-1ebbcb4c\" data-id=\"1ebbcb4c\" data-element_type=\"column\">\n\t\t\t<div class=\"elementor-column-wrap elementor-element-populated\">\n\t\t\t\t\t\t\t<div class=\"elementor-widget-wrap\">\n\t\t\t\t\t\t<div class=\"elementor-element elementor-element-090cde4 elementor-widget elementor-widget-image\" data-id=\"090cde4\" data-element_type=\"widget\" data-widget_type=\"image.default\">\n\t\t\t\t<div class=\"elementor-widget-container\">\n\t\t\t\t\t\t\t\t<div class=\"elementor-image\">\n\t\t\t\t\t\t\t\t\t\t\t\t<img loading=\"lazy\" decoding=\"async\" width=\"768\" height=\"510\" src=\"https:\/\/www.smsigna.com\/wp-content\/uploads\/2020\/12\/DSC_4609-768x510.jpg\" class=\"attachment-medium_large size-medium_large\" alt=\"\" srcset=\"https:\/\/www.smsigna.com\/wp-content\/uploads\/2020\/12\/DSC_4609-768x510.jpg 768w, https:\/\/www.smsigna.com\/wp-content\/uploads\/2020\/12\/DSC_4609-300x199.jpg 300w, https:\/\/www.smsigna.com\/wp-content\/uploads\/2020\/12\/DSC_4609-1024x680.jpg 1024w, https:\/\/www.smsigna.com\/wp-content\/uploads\/2020\/12\/DSC_4609-1536x1020.jpg 1536w, https:\/\/www.smsigna.com\/wp-content\/uploads\/2020\/12\/DSC_4609-2048x1360.jpg 2048w, https:\/\/www.smsigna.com\/wp-content\/uploads\/2020\/12\/DSC_4609-830x551.jpg 830w, https:\/\/www.smsigna.com\/wp-content\/uploads\/2020\/12\/DSC_4609-230x153.jpg 230w, https:\/\/www.smsigna.com\/wp-content\/uploads\/2020\/12\/DSC_4609-350x232.jpg 350w, https:\/\/www.smsigna.com\/wp-content\/uploads\/2020\/12\/DSC_4609-480x319.jpg 480w\" sizes=\"auto, (max-width: 768px) 100vw, 768px\" \/>\t\t\t\t\t\t\t\t\t\t\t\t\t\t<\/div>\n\t\t\t\t\t\t<\/div>\n\t\t\t\t<\/div>\n\t\t\t\t\t\t<\/div>\n\t\t\t\t\t<\/div>\n\t\t<\/div>\n\t\t\t\t\t\t\t\t<\/div>\n\t\t\t\t\t<\/div>\n\t\t<\/section>\n\t\t\t\t\t\t<\/div>\n\t\t\t\t\t<\/div>\n\t\t<\/div>\n\t\t\t\t\t\t\t\t<\/div>\n\t\t\t\t\t<\/div>\n\t\t<\/section>\n\t\t\t\t\t\t\t\t\t<\/div>\n\t\t\t<\/div>\n\t\t\t\t\t<\/div>\n\t\t","protected":false},"excerpt":{"rendered":"<p>La protection et la s\u00e9curit\u00e9 sont des valeurs essentielles que les communes et collectivit\u00e9s ne manquent pas de faire appara\u00eetre dans leur [&hellip;]<\/p>\n","protected":false},"author":1,"featured_media":0,"parent":0,"menu_order":0,"comment_status":"closed","ping_status":"closed","template":"","meta":{"footnotes":""},"class_list":["post-771","page","type-page","status-publish","hentry"],"yoast_head":"<!-- This site is optimized with the Yoast SEO plugin v23.8 - https:\/\/yoast.com\/wordpress\/plugins\/seo\/ -->\n<title>Potelet - protection - s\u00e9curit\u00e9 - collectivit\u00e9 Soci\u00e9t\u00e9 moderne des signalisations<\/title>\n<meta name=\"description\" content=\"potelet protection s\u00e9curit\u00e9 collectivit\u00e9 - mobilier urbain - norme pmr - s\u00e9curit\u00e9 - fabrication pose - maintenance - r\u00e9gion nouvelle aquitaine\" \/>\n<meta name=\"robots\" content=\"index, follow, max-snippet:-1, max-image-preview:large, max-video-preview:-1\" \/>\n<link rel=\"canonical\" href=\"https:\/\/www.smsigna.com\/index.php\/potelet-protection-securite-collectivite\/\" \/>\n<meta property=\"og:locale\" content=\"fr_FR\" \/>\n<meta property=\"og:type\" content=\"article\" \/>\n<meta property=\"og:title\" content=\"Potelet - protection - s\u00e9curit\u00e9 - collectivit\u00e9 Soci\u00e9t\u00e9 moderne des signalisations\" \/>\n<meta property=\"og:description\" content=\"potelet protection s\u00e9curit\u00e9 collectivit\u00e9 - mobilier urbain - norme pmr - s\u00e9curit\u00e9 - fabrication pose - maintenance - r\u00e9gion nouvelle aquitaine\" \/>\n<meta property=\"og:url\" content=\"https:\/\/www.smsigna.com\/index.php\/potelet-protection-securite-collectivite\/\" \/>\n<meta property=\"og:site_name\" content=\"Soci\u00e9t\u00e9 moderne des signalisations\" \/>\n<meta property=\"article:modified_time\" content=\"2021-01-19T15:09:13+00:00\" \/>\n<meta property=\"og:image\" content=\"https:\/\/www.smsigna.com\/wp-content\/uploads\/2020\/12\/DSC_4609-768x510.jpg\" \/>\n<meta name=\"twitter:card\" content=\"summary_large_image\" \/>\n<meta name=\"twitter:label1\" content=\"Dur\u00e9e de lecture estim\u00e9e\" \/>\n\t<meta name=\"twitter:data1\" content=\"2 minutes\" \/>\n<script type=\"application\/ld+json\" class=\"yoast-schema-graph\">{\"@context\":\"https:\/\/schema.org\",\"@graph\":[{\"@type\":\"WebPage\",\"@id\":\"https:\/\/www.smsigna.com\/index.php\/potelet-protection-securite-collectivite\/\",\"url\":\"https:\/\/www.smsigna.com\/index.php\/potelet-protection-securite-collectivite\/\",\"name\":\"Potelet - protection - s\u00e9curit\u00e9 - collectivit\u00e9 Soci\u00e9t\u00e9 moderne des signalisations\",\"isPartOf\":{\"@id\":\"https:\/\/www.smsigna.com\/#website\"},\"primaryImageOfPage\":{\"@id\":\"https:\/\/www.smsigna.com\/index.php\/potelet-protection-securite-collectivite\/#primaryimage\"},\"image\":{\"@id\":\"https:\/\/www.smsigna.com\/index.php\/potelet-protection-securite-collectivite\/#primaryimage\"},\"thumbnailUrl\":\"https:\/\/www.smsigna.com\/wp-content\/uploads\/2020\/12\/DSC_4609-768x510.jpg\",\"datePublished\":\"2020-12-08T14:47:18+00:00\",\"dateModified\":\"2021-01-19T15:09:13+00:00\",\"description\":\"potelet protection s\u00e9curit\u00e9 collectivit\u00e9 - mobilier urbain - norme pmr - s\u00e9curit\u00e9 - fabrication pose - maintenance - r\u00e9gion nouvelle aquitaine\",\"breadcrumb\":{\"@id\":\"https:\/\/www.smsigna.com\/index.php\/potelet-protection-securite-collectivite\/#breadcrumb\"},\"inLanguage\":\"fr-FR\",\"potentialAction\":[{\"@type\":\"ReadAction\",\"target\":[\"https:\/\/www.smsigna.com\/index.php\/potelet-protection-securite-collectivite\/\"]}]},{\"@type\":\"ImageObject\",\"inLanguage\":\"fr-FR\",\"@id\":\"https:\/\/www.smsigna.com\/index.php\/potelet-protection-securite-collectivite\/#primaryimage\",\"url\":\"https:\/\/www.smsigna.com\/wp-content\/uploads\/2020\/12\/DSC_4609-768x510.jpg\",\"contentUrl\":\"https:\/\/www.smsigna.com\/wp-content\/uploads\/2020\/12\/DSC_4609-768x510.jpg\"},{\"@type\":\"BreadcrumbList\",\"@id\":\"https:\/\/www.smsigna.com\/index.php\/potelet-protection-securite-collectivite\/#breadcrumb\",\"itemListElement\":[{\"@type\":\"ListItem\",\"position\":1,\"name\":\"Accueil\",\"item\":\"https:\/\/www.smsigna.com\/\"},{\"@type\":\"ListItem\",\"position\":2,\"name\":\"Potelet\"}]},{\"@type\":\"WebSite\",\"@id\":\"https:\/\/www.smsigna.com\/#website\",\"url\":\"https:\/\/www.smsigna.com\/\",\"name\":\"Soci\u00e9t\u00e9 moderne des signalisations\",\"description\":\"soci\u00e9t\u00e9 de signalisation\",\"publisher\":{\"@id\":\"https:\/\/www.smsigna.com\/#organization\"},\"potentialAction\":[{\"@type\":\"SearchAction\",\"target\":{\"@type\":\"EntryPoint\",\"urlTemplate\":\"https:\/\/www.smsigna.com\/?s={search_term_string}\"},\"query-input\":{\"@type\":\"PropertyValueSpecification\",\"valueRequired\":true,\"valueName\":\"search_term_string\"}}],\"inLanguage\":\"fr-FR\"},{\"@type\":\"Organization\",\"@id\":\"https:\/\/www.smsigna.com\/#organization\",\"name\":\"soci\u00e9t\u00e9 moderne des signalisations\",\"url\":\"https:\/\/www.smsigna.com\/\",\"logo\":{\"@type\":\"ImageObject\",\"inLanguage\":\"fr-FR\",\"@id\":\"https:\/\/www.smsigna.com\/#\/schema\/logo\/image\/\",\"url\":\"https:\/\/www.smsigna.com\/wp-content\/uploads\/2021\/01\/logo-rond-sms-2020.jpg\",\"contentUrl\":\"https:\/\/www.smsigna.com\/wp-content\/uploads\/2021\/01\/logo-rond-sms-2020.jpg\",\"width\":1499,\"height\":1306,\"caption\":\"soci\u00e9t\u00e9 moderne des signalisations\"},\"image\":{\"@id\":\"https:\/\/www.smsigna.com\/#\/schema\/logo\/image\/\"}}]}<\/script>\n<!-- \/ Yoast SEO plugin. -->","yoast_head_json":{"title":"Potelet - protection - s\u00e9curit\u00e9 - collectivit\u00e9 Soci\u00e9t\u00e9 moderne des signalisations","description":"potelet protection s\u00e9curit\u00e9 collectivit\u00e9 - mobilier urbain - norme pmr - s\u00e9curit\u00e9 - fabrication pose - maintenance - r\u00e9gion nouvelle aquitaine","robots":{"index":"index","follow":"follow","max-snippet":"max-snippet:-1","max-image-preview":"max-image-preview:large","max-video-preview":"max-video-preview:-1"},"canonical":"https:\/\/www.smsigna.com\/index.php\/potelet-protection-securite-collectivite\/","og_locale":"fr_FR","og_type":"article","og_title":"Potelet - protection - s\u00e9curit\u00e9 - collectivit\u00e9 Soci\u00e9t\u00e9 moderne des signalisations","og_description":"potelet protection s\u00e9curit\u00e9 collectivit\u00e9 - mobilier urbain - norme pmr - s\u00e9curit\u00e9 - fabrication pose - maintenance - r\u00e9gion nouvelle aquitaine","og_url":"https:\/\/www.smsigna.com\/index.php\/potelet-protection-securite-collectivite\/","og_site_name":"Soci\u00e9t\u00e9 moderne des signalisations","article_modified_time":"2021-01-19T15:09:13+00:00","og_image":[{"url":"https:\/\/www.smsigna.com\/wp-content\/uploads\/2020\/12\/DSC_4609-768x510.jpg"}],"twitter_card":"summary_large_image","twitter_misc":{"Dur\u00e9e de lecture estim\u00e9e":"2 minutes"},"schema":{"@context":"https:\/\/schema.org","@graph":[{"@type":"WebPage","@id":"https:\/\/www.smsigna.com\/index.php\/potelet-protection-securite-collectivite\/","url":"https:\/\/www.smsigna.com\/index.php\/potelet-protection-securite-collectivite\/","name":"Potelet - protection - s\u00e9curit\u00e9 - collectivit\u00e9 Soci\u00e9t\u00e9 moderne des signalisations","isPartOf":{"@id":"https:\/\/www.smsigna.com\/#website"},"primaryImageOfPage":{"@id":"https:\/\/www.smsigna.com\/index.php\/potelet-protection-securite-collectivite\/#primaryimage"},"image":{"@id":"https:\/\/www.smsigna.com\/index.php\/potelet-protection-securite-collectivite\/#primaryimage"},"thumbnailUrl":"https:\/\/www.smsigna.com\/wp-content\/uploads\/2020\/12\/DSC_4609-768x510.jpg","datePublished":"2020-12-08T14:47:18+00:00","dateModified":"2021-01-19T15:09:13+00:00","description":"potelet protection s\u00e9curit\u00e9 collectivit\u00e9 - mobilier urbain - norme pmr - s\u00e9curit\u00e9 - fabrication pose - maintenance - r\u00e9gion nouvelle aquitaine","breadcrumb":{"@id":"https:\/\/www.smsigna.com\/index.php\/potelet-protection-securite-collectivite\/#breadcrumb"},"inLanguage":"fr-FR","potentialAction":[{"@type":"ReadAction","target":["https:\/\/www.smsigna.com\/index.php\/potelet-protection-securite-collectivite\/"]}]},{"@type":"ImageObject","inLanguage":"fr-FR","@id":"https:\/\/www.smsigna.com\/index.php\/potelet-protection-securite-collectivite\/#primaryimage","url":"https:\/\/www.smsigna.com\/wp-content\/uploads\/2020\/12\/DSC_4609-768x510.jpg","contentUrl":"https:\/\/www.smsigna.com\/wp-content\/uploads\/2020\/12\/DSC_4609-768x510.jpg"},{"@type":"BreadcrumbList","@id":"https:\/\/www.smsigna.com\/index.php\/potelet-protection-securite-collectivite\/#breadcrumb","itemListElement":[{"@type":"ListItem","position":1,"name":"Accueil","item":"https:\/\/www.smsigna.com\/"},{"@type":"ListItem","position":2,"name":"Potelet"}]},{"@type":"WebSite","@id":"https:\/\/www.smsigna.com\/#website","url":"https:\/\/www.smsigna.com\/","name":"Soci\u00e9t\u00e9 moderne des signalisations","description":"soci\u00e9t\u00e9 de signalisation","publisher":{"@id":"https:\/\/www.smsigna.com\/#organization"},"potentialAction":[{"@type":"SearchAction","target":{"@type":"EntryPoint","urlTemplate":"https:\/\/www.smsigna.com\/?s={search_term_string}"},"query-input":{"@type":"PropertyValueSpecification","valueRequired":true,"valueName":"search_term_string"}}],"inLanguage":"fr-FR"},{"@type":"Organization","@id":"https:\/\/www.smsigna.com\/#organization","name":"soci\u00e9t\u00e9 moderne des signalisations","url":"https:\/\/www.smsigna.com\/","logo":{"@type":"ImageObject","inLanguage":"fr-FR","@id":"https:\/\/www.smsigna.com\/#\/schema\/logo\/image\/","url":"https:\/\/www.smsigna.com\/wp-content\/uploads\/2021\/01\/logo-rond-sms-2020.jpg","contentUrl":"https:\/\/www.smsigna.com\/wp-content\/uploads\/2021\/01\/logo-rond-sms-2020.jpg","width":1499,"height":1306,"caption":"soci\u00e9t\u00e9 moderne des signalisations"},"image":{"@id":"https:\/\/www.smsigna.com\/#\/schema\/logo\/image\/"}}]}},"_links":{"self":[{"href":"https:\/\/www.smsigna.com\/index.php\/wp-json\/wp\/v2\/pages\/771","targetHints":{"allow":["GET"]}}],"collection":[{"href":"https:\/\/www.smsigna.com\/index.php\/wp-json\/wp\/v2\/pages"}],"about":[{"href":"https:\/\/www.smsigna.com\/index.php\/wp-json\/wp\/v2\/types\/page"}],"author":[{"embeddable":true,"href":"https:\/\/www.smsigna.com\/index.php\/wp-json\/wp\/v2\/users\/1"}],"replies":[{"embeddable":true,"href":"https:\/\/www.smsigna.com\/index.php\/wp-json\/wp\/v2\/comments?post=771"}],"version-history":[{"count":5,"href":"https:\/\/www.smsigna.com\/index.php\/wp-json\/wp\/v2\/pages\/771\/revisions"}],"predecessor-version":[{"id":2834,"href":"https:\/\/www.smsigna.com\/index.php\/wp-json\/wp\/v2\/pages\/771\/revisions\/2834"}],"wp:attachment":[{"href":"https:\/\/www.smsigna.com\/index.php\/wp-json\/wp\/v2\/media?parent=771"}],"curies":[{"name":"wp","href":"https:\/\/api.w.org\/{rel}","templated":true}]}}