{"id":740,"date":"2020-12-08T15:14:59","date_gmt":"2020-12-08T14:14:59","guid":{"rendered":"https:\/\/www.smsigna.com\/?page_id=740"},"modified":"2021-01-25T15:55:54","modified_gmt":"2021-01-25T14:55:54","slug":"stickers-adhesif-bordeaux","status":"publish","type":"page","link":"https:\/\/www.smsigna.com\/index.php\/stickers-adhesif-bordeaux\/","title":{"rendered":"Adh\u00e9sif"},"content":{"rendered":"\t\t<div data-elementor-type=\"wp-page\" data-elementor-id=\"740\" class=\"elementor elementor-740\">\n\t\t\t\t\t\t<div class=\"elementor-inner\">\n\t\t\t\t<div class=\"elementor-section-wrap\">\n\t\t\t\t\t\t\t\t\t<section class=\"elementor-section elementor-top-section elementor-element elementor-element-9f66744 elementor-section-stretched elementor-section-boxed elementor-section-height-default elementor-section-height-default\" data-id=\"9f66744\" data-element_type=\"section\" data-settings=\"{&quot;stretch_section&quot;:&quot;section-stretched&quot;}\">\n\t\t\t\t\t\t<div class=\"elementor-container elementor-column-gap-default\">\n\t\t\t\t\t\t\t<div class=\"elementor-row\">\n\t\t\t\t\t<div class=\"elementor-column elementor-col-100 elementor-top-column elementor-element elementor-element-ad9d037 elementor-invisible\" data-id=\"ad9d037\" data-element_type=\"column\" data-settings=\"{&quot;animation&quot;:&quot;fadeInDown&quot;}\">\n\t\t\t<div class=\"elementor-column-wrap elementor-element-populated\">\n\t\t\t\t\t\t\t<div class=\"elementor-widget-wrap\">\n\t\t\t\t\t\t<div class=\"elementor-element elementor-element-1407ca4 elementor-widget elementor-widget-text-editor\" data-id=\"1407ca4\" data-element_type=\"widget\" data-widget_type=\"text-editor.default\">\n\t\t\t\t<div class=\"elementor-widget-container\">\n\t\t\t\t\t\t\t\t<div class=\"elementor-text-editor elementor-clearfix\">\n\t\t\t\t<p>Les \u00e9tiquettes personnalis\u00e9es sont id\u00e9ales tant pour une utilisation personnelle que professionnelle.<br \/>Nos adh\u00e9sifs sur mesure donneront aussi plus de visibilit\u00e9 \u00e0 votre entreprise, n\u00e9goce, association, blog, \u00e9v\u00e9nements etc.<\/p>\t\t\t\t\t<\/div>\n\t\t\t\t\t\t<\/div>\n\t\t\t\t<\/div>\n\t\t\t\t\t\t<\/div>\n\t\t\t\t\t<\/div>\n\t\t<\/div>\n\t\t\t\t\t\t\t\t<\/div>\n\t\t\t\t\t<\/div>\n\t\t<\/section>\n\t\t\t\t<section class=\"elementor-section elementor-top-section elementor-element elementor-element-2e4b3bc0 elementor-section-stretched elementor-section-boxed elementor-section-height-default elementor-section-height-default\" data-id=\"2e4b3bc0\" data-element_type=\"section\" data-settings=\"{&quot;background_background&quot;:&quot;classic&quot;,&quot;stretch_section&quot;:&quot;section-stretched&quot;}\">\n\t\t\t\t\t\t<div class=\"elementor-container elementor-column-gap-no\">\n\t\t\t\t\t\t\t<div class=\"elementor-row\">\n\t\t\t\t\t<div class=\"elementor-column elementor-col-100 elementor-top-column elementor-element elementor-element-796a9cae\" data-id=\"796a9cae\" data-element_type=\"column\">\n\t\t\t<div class=\"elementor-column-wrap elementor-element-populated\">\n\t\t\t\t\t\t\t<div class=\"elementor-widget-wrap\">\n\t\t\t\t\t\t<section class=\"elementor-section elementor-inner-section elementor-element elementor-element-18c495df elementor-section-content-middle elementor-section-boxed elementor-section-height-default elementor-section-height-default\" data-id=\"18c495df\" data-element_type=\"section\">\n\t\t\t\t\t\t<div class=\"elementor-container elementor-column-gap-no\">\n\t\t\t\t\t\t\t<div class=\"elementor-row\">\n\t\t\t\t\t<div class=\"elementor-column elementor-col-50 elementor-inner-column elementor-element elementor-element-60080959\" data-id=\"60080959\" data-element_type=\"column\" data-settings=\"{&quot;background_background&quot;:&quot;classic&quot;}\">\n\t\t\t<div class=\"elementor-column-wrap elementor-element-populated\">\n\t\t\t\t\t\t\t<div class=\"elementor-widget-wrap\">\n\t\t\t\t\t\t<div class=\"elementor-element elementor-element-3c5a7504 elementor-widget elementor-widget-heading\" data-id=\"3c5a7504\" data-element_type=\"widget\" data-widget_type=\"heading.default\">\n\t\t\t\t<div class=\"elementor-widget-container\">\n\t\t\t<h3 class=\"elementor-heading-title elementor-size-large\">stickers adapt\u00e9s<\/h3>\t\t<\/div>\n\t\t\t\t<\/div>\n\t\t\t\t<div class=\"elementor-element elementor-element-3aee71cb elementor-widget-divider--view-line elementor-widget elementor-widget-divider\" data-id=\"3aee71cb\" data-element_type=\"widget\" data-widget_type=\"divider.default\">\n\t\t\t\t<div class=\"elementor-widget-container\">\n\t\t\t\t\t<div class=\"elementor-divider\">\n\t\t\t<span class=\"elementor-divider-separator\">\n\t\t\t\t\t\t<\/span>\n\t\t<\/div>\n\t\t\t\t<\/div>\n\t\t\t\t<\/div>\n\t\t\t\t<div class=\"elementor-element elementor-element-7fdfae69 elementor-widget elementor-widget-text-editor\" data-id=\"7fdfae69\" data-element_type=\"widget\" data-widget_type=\"text-editor.default\">\n\t\t\t\t<div class=\"elementor-widget-container\">\n\t\t\t\t\t\t\t\t<div class=\"elementor-text-editor elementor-clearfix\">\n\t\t\t\t<p>SMS vous cr\u00e9e sur demande des stickers \u00e0 appliquer sur toutes sortes de produits (cosm\u00e9tique, alimentaire&#8230;), supports (verre, PVC, aluminium&#8230;) et surfaces (vitrine, sols, murs, v\u00e9hicules).<\/p>\t\t\t\t\t<\/div>\n\t\t\t\t\t\t<\/div>\n\t\t\t\t<\/div>\n\t\t\t\t\t\t<\/div>\n\t\t\t\t\t<\/div>\n\t\t<\/div>\n\t\t\t\t<div class=\"elementor-column elementor-col-50 elementor-inner-column elementor-element elementor-element-a22eb27 elementor-invisible\" data-id=\"a22eb27\" data-element_type=\"column\" data-settings=\"{&quot;background_background&quot;:&quot;classic&quot;,&quot;animation&quot;:&quot;fadeInRight&quot;}\">\n\t\t\t<div class=\"elementor-column-wrap elementor-element-populated\">\n\t\t\t\t\t\t\t<div class=\"elementor-widget-wrap\">\n\t\t\t\t\t\t<div class=\"elementor-element elementor-element-5e6fe6ad elementor-widget elementor-widget-spacer\" data-id=\"5e6fe6ad\" data-element_type=\"widget\" data-widget_type=\"spacer.default\">\n\t\t\t\t<div class=\"elementor-widget-container\">\n\t\t\t\t\t<div class=\"elementor-spacer\">\n\t\t\t<div class=\"elementor-spacer-inner\"><\/div>\n\t\t<\/div>\n\t\t\t\t<\/div>\n\t\t\t\t<\/div>\n\t\t\t\t\t\t<\/div>\n\t\t\t\t\t<\/div>\n\t\t<\/div>\n\t\t\t\t\t\t\t\t<\/div>\n\t\t\t\t\t<\/div>\n\t\t<\/section>\n\t\t\t\t<section class=\"elementor-section elementor-inner-section elementor-element elementor-element-688a252f elementor-section-content-middle elementor-reverse-mobile elementor-section-boxed elementor-section-height-default elementor-section-height-default\" data-id=\"688a252f\" data-element_type=\"section\">\n\t\t\t\t\t\t<div class=\"elementor-container elementor-column-gap-no\">\n\t\t\t\t\t\t\t<div class=\"elementor-row\">\n\t\t\t\t\t<div class=\"elementor-column elementor-col-50 elementor-inner-column elementor-element elementor-element-2888d704 elementor-invisible\" data-id=\"2888d704\" data-element_type=\"column\" data-settings=\"{&quot;background_background&quot;:&quot;slideshow&quot;,&quot;background_slideshow_gallery&quot;:[{&quot;id&quot;:2095,&quot;url&quot;:&quot;https:\\\/\\\/www.smsigna.com\\\/wp-content\\\/uploads\\\/2020\\\/12\\\/Autocollants-2.jpg&quot;},{&quot;id&quot;:2096,&quot;url&quot;:&quot;https:\\\/\\\/www.smsigna.com\\\/wp-content\\\/uploads\\\/2020\\\/12\\\/IMG-5582-scaled.jpg&quot;}],&quot;background_slideshow_slide_transition&quot;:&quot;slide_left&quot;,&quot;animation&quot;:&quot;fadeInLeft&quot;,&quot;background_slideshow_ken_burns&quot;:&quot;yes&quot;,&quot;background_slideshow_loop&quot;:&quot;yes&quot;,&quot;background_slideshow_slide_duration&quot;:5000,&quot;background_slideshow_transition_duration&quot;:500,&quot;background_slideshow_ken_burns_zoom_direction&quot;:&quot;in&quot;}\">\n\t\t\t<div class=\"elementor-column-wrap elementor-element-populated\">\n\t\t\t\t\t\t\t<div class=\"elementor-widget-wrap\">\n\t\t\t\t\t\t<div class=\"elementor-element elementor-element-70b7d962 elementor-widget elementor-widget-spacer\" data-id=\"70b7d962\" data-element_type=\"widget\" data-widget_type=\"spacer.default\">\n\t\t\t\t<div class=\"elementor-widget-container\">\n\t\t\t\t\t<div class=\"elementor-spacer\">\n\t\t\t<div class=\"elementor-spacer-inner\"><\/div>\n\t\t<\/div>\n\t\t\t\t<\/div>\n\t\t\t\t<\/div>\n\t\t\t\t\t\t<\/div>\n\t\t\t\t\t<\/div>\n\t\t<\/div>\n\t\t\t\t<div class=\"elementor-column elementor-col-50 elementor-inner-column elementor-element elementor-element-278bf63d\" data-id=\"278bf63d\" data-element_type=\"column\" data-settings=\"{&quot;background_background&quot;:&quot;classic&quot;}\">\n\t\t\t<div class=\"elementor-column-wrap elementor-element-populated\">\n\t\t\t\t\t\t\t<div class=\"elementor-widget-wrap\">\n\t\t\t\t\t\t<div class=\"elementor-element elementor-element-23cfdc13 elementor-widget elementor-widget-heading\" data-id=\"23cfdc13\" data-element_type=\"widget\" data-widget_type=\"heading.default\">\n\t\t\t\t<div class=\"elementor-widget-container\">\n\t\t\t<h3 class=\"elementor-heading-title elementor-size-large\">Stickers sp\u00e9ciaux<\/h3>\t\t<\/div>\n\t\t\t\t<\/div>\n\t\t\t\t<div class=\"elementor-element elementor-element-1288053a elementor-widget-divider--view-line elementor-widget elementor-widget-divider\" data-id=\"1288053a\" data-element_type=\"widget\" data-widget_type=\"divider.default\">\n\t\t\t\t<div class=\"elementor-widget-container\">\n\t\t\t\t\t<div class=\"elementor-divider\">\n\t\t\t<span class=\"elementor-divider-separator\">\n\t\t\t\t\t\t<\/span>\n\t\t<\/div>\n\t\t\t\t<\/div>\n\t\t\t\t<\/div>\n\t\t\t\t<div class=\"elementor-element elementor-element-2c6cca31 elementor-widget elementor-widget-text-editor\" data-id=\"2c6cca31\" data-element_type=\"widget\" data-widget_type=\"text-editor.default\">\n\t\t\t\t<div class=\"elementor-widget-container\">\n\t\t\t\t\t\t\t\t<div class=\"elementor-text-editor elementor-clearfix\">\n\t\t\t\t<p>Nous proposons aussi des adh\u00e9sifs \u00e0 rev\u00eatement sp\u00e9cialement con\u00e7us pour le sol, r\u00e9tro-r\u00e9flechissant ou sur support magn\u00e9tique, r\u00e9sistants aux agents atmosph\u00e9riques et garantissant un rendu optimal en ext\u00e9rieur.<\/p>\t\t\t\t\t<\/div>\n\t\t\t\t\t\t<\/div>\n\t\t\t\t<\/div>\n\t\t\t\t\t\t<\/div>\n\t\t\t\t\t<\/div>\n\t\t<\/div>\n\t\t\t\t\t\t\t\t<\/div>\n\t\t\t\t\t<\/div>\n\t\t<\/section>\n\t\t\t\t<section class=\"elementor-section elementor-inner-section elementor-element elementor-element-e46a26d elementor-section-content-middle elementor-section-height-min-height elementor-section-boxed elementor-section-height-default\" data-id=\"e46a26d\" data-element_type=\"section\" data-settings=\"{&quot;background_background&quot;:&quot;slideshow&quot;,&quot;background_slideshow_gallery&quot;:[],&quot;background_slideshow_loop&quot;:&quot;yes&quot;,&quot;background_slideshow_slide_duration&quot;:5000,&quot;background_slideshow_slide_transition&quot;:&quot;fade&quot;,&quot;background_slideshow_transition_duration&quot;:500}\">\n\t\t\t\t\t\t<div class=\"elementor-container elementor-column-gap-no\">\n\t\t\t\t\t\t\t<div class=\"elementor-row\">\n\t\t\t\t\t<div class=\"elementor-column elementor-col-50 elementor-inner-column elementor-element elementor-element-55bc81a1\" data-id=\"55bc81a1\" data-element_type=\"column\" data-settings=\"{&quot;background_background&quot;:&quot;classic&quot;}\">\n\t\t\t<div class=\"elementor-column-wrap elementor-element-populated\">\n\t\t\t\t\t\t\t<div class=\"elementor-widget-wrap\">\n\t\t\t\t\t\t<div class=\"elementor-element elementor-element-610a225c elementor-widget elementor-widget-heading\" data-id=\"610a225c\" data-element_type=\"widget\" data-widget_type=\"heading.default\">\n\t\t\t\t<div class=\"elementor-widget-container\">\n\t\t\t<h3 class=\"elementor-heading-title elementor-size-large\">Devis gratuit<\/h3>\t\t<\/div>\n\t\t\t\t<\/div>\n\t\t\t\t<div class=\"elementor-element elementor-element-84efce7 elementor-widget-divider--view-line elementor-widget elementor-widget-divider\" data-id=\"84efce7\" data-element_type=\"widget\" data-widget_type=\"divider.default\">\n\t\t\t\t<div class=\"elementor-widget-container\">\n\t\t\t\t\t<div class=\"elementor-divider\">\n\t\t\t<span class=\"elementor-divider-separator\">\n\t\t\t\t\t\t<\/span>\n\t\t<\/div>\n\t\t\t\t<\/div>\n\t\t\t\t<\/div>\n\t\t\t\t<div class=\"elementor-element elementor-element-18381238 elementor-widget elementor-widget-text-editor\" data-id=\"18381238\" data-element_type=\"widget\" data-widget_type=\"text-editor.default\">\n\t\t\t\t<div class=\"elementor-widget-container\">\n\t\t\t\t\t\t\t\t<div class=\"elementor-text-editor elementor-clearfix\">\n\t\t\t\t<p>Quel que soit votre projet de communication, nous avons la solution pour vous \u00e0 un prix attractif avec des d\u00e9lais de livraison rapides !<\/p>\t\t\t\t\t<\/div>\n\t\t\t\t\t\t<\/div>\n\t\t\t\t<\/div>\n\t\t\t\t\t\t<\/div>\n\t\t\t\t\t<\/div>\n\t\t<\/div>\n\t\t\t\t<div class=\"elementor-column elementor-col-50 elementor-inner-column elementor-element elementor-element-30ab6122 elementor-invisible\" data-id=\"30ab6122\" data-element_type=\"column\" data-settings=\"{&quot;background_background&quot;:&quot;slideshow&quot;,&quot;background_slideshow_gallery&quot;:[{&quot;id&quot;:2514,&quot;url&quot;:&quot;https:\\\/\\\/www.smsigna.com\\\/wp-content\\\/uploads\\\/2020\\\/12\\\/IMG_8614-scaled.jpg&quot;}],&quot;animation&quot;:&quot;fadeInRight&quot;,&quot;background_slideshow_loop&quot;:&quot;yes&quot;,&quot;background_slideshow_slide_duration&quot;:5000,&quot;background_slideshow_slide_transition&quot;:&quot;fade&quot;,&quot;background_slideshow_transition_duration&quot;:500}\">\n\t\t\t<div class=\"elementor-column-wrap elementor-element-populated\">\n\t\t\t\t\t\t\t<div class=\"elementor-widget-wrap\">\n\t\t\t\t\t\t\t\t<\/div>\n\t\t\t\t\t<\/div>\n\t\t<\/div>\n\t\t\t\t\t\t\t\t<\/div>\n\t\t\t\t\t<\/div>\n\t\t<\/section>\n\t\t\t\t\t\t<\/div>\n\t\t\t\t\t<\/div>\n\t\t<\/div>\n\t\t\t\t\t\t\t\t<\/div>\n\t\t\t\t\t<\/div>\n\t\t<\/section>\n\t\t\t\t\t\t\t\t\t<\/div>\n\t\t\t<\/div>\n\t\t\t\t\t<\/div>\n\t\t","protected":false},"excerpt":{"rendered":"<p>Les \u00e9tiquettes personnalis\u00e9es sont id\u00e9ales tant pour une utilisation personnelle que professionnelle. Nos adh\u00e9sifs sur mesure donneront aussi plus de visibilit\u00e9 \u00e0 [&hellip;]<\/p>\n","protected":false},"author":1,"featured_media":0,"parent":0,"menu_order":0,"comment_status":"closed","ping_status":"closed","template":"","meta":{"footnotes":""},"class_list":["post-740","page","type-page","status-publish","hentry"],"yoast_head":"<!-- This site is optimized with the Yoast SEO plugin v23.8 - https:\/\/yoast.com\/wordpress\/plugins\/seo\/ -->\n<title>Soci\u00e9t\u00e9 moderne des signalisations stickers adh\u00e9sif bordeaux<\/title>\n<meta name=\"description\" content=\"Adh\u00e9sif sur-mesure - Stickers adapt\u00e9s - \u00e9tiquette personnalis\u00e9es - D\u00e9coupe stickers - professionnel et particulier - Autocollants - Signalisation bordeaux\" \/>\n<meta name=\"robots\" content=\"index, follow, max-snippet:-1, max-image-preview:large, max-video-preview:-1\" \/>\n<link rel=\"canonical\" href=\"https:\/\/www.smsigna.com\/index.php\/stickers-adhesif-bordeaux\/\" \/>\n<meta property=\"og:locale\" content=\"fr_FR\" \/>\n<meta property=\"og:type\" content=\"article\" \/>\n<meta property=\"og:title\" content=\"Soci\u00e9t\u00e9 moderne des signalisations stickers adh\u00e9sif bordeaux\" \/>\n<meta property=\"og:description\" content=\"Adh\u00e9sif sur-mesure - Stickers adapt\u00e9s - \u00e9tiquette personnalis\u00e9es - D\u00e9coupe stickers - professionnel et particulier - Autocollants - Signalisation bordeaux\" \/>\n<meta property=\"og:url\" content=\"https:\/\/www.smsigna.com\/index.php\/stickers-adhesif-bordeaux\/\" \/>\n<meta property=\"og:site_name\" content=\"Soci\u00e9t\u00e9 moderne des signalisations\" \/>\n<meta property=\"article:modified_time\" content=\"2021-01-25T14:55:54+00:00\" \/>\n<meta name=\"twitter:card\" content=\"summary_large_image\" \/>\n<meta name=\"twitter:label1\" content=\"Dur\u00e9e de lecture estim\u00e9e\" \/>\n\t<meta name=\"twitter:data1\" content=\"1 minute\" \/>\n<script type=\"application\/ld+json\" class=\"yoast-schema-graph\">{\"@context\":\"https:\/\/schema.org\",\"@graph\":[{\"@type\":\"WebPage\",\"@id\":\"https:\/\/www.smsigna.com\/index.php\/stickers-adhesif-bordeaux\/\",\"url\":\"https:\/\/www.smsigna.com\/index.php\/stickers-adhesif-bordeaux\/\",\"name\":\"Soci\u00e9t\u00e9 moderne des signalisations stickers adh\u00e9sif bordeaux\",\"isPartOf\":{\"@id\":\"https:\/\/www.smsigna.com\/#website\"},\"datePublished\":\"2020-12-08T14:14:59+00:00\",\"dateModified\":\"2021-01-25T14:55:54+00:00\",\"description\":\"Adh\u00e9sif sur-mesure - Stickers adapt\u00e9s - \u00e9tiquette personnalis\u00e9es - D\u00e9coupe stickers - professionnel et particulier - Autocollants - Signalisation bordeaux\",\"breadcrumb\":{\"@id\":\"https:\/\/www.smsigna.com\/index.php\/stickers-adhesif-bordeaux\/#breadcrumb\"},\"inLanguage\":\"fr-FR\",\"potentialAction\":[{\"@type\":\"ReadAction\",\"target\":[\"https:\/\/www.smsigna.com\/index.php\/stickers-adhesif-bordeaux\/\"]}]},{\"@type\":\"BreadcrumbList\",\"@id\":\"https:\/\/www.smsigna.com\/index.php\/stickers-adhesif-bordeaux\/#breadcrumb\",\"itemListElement\":[{\"@type\":\"ListItem\",\"position\":1,\"name\":\"Accueil\",\"item\":\"https:\/\/www.smsigna.com\/\"},{\"@type\":\"ListItem\",\"position\":2,\"name\":\"Adh\u00e9sif\"}]},{\"@type\":\"WebSite\",\"@id\":\"https:\/\/www.smsigna.com\/#website\",\"url\":\"https:\/\/www.smsigna.com\/\",\"name\":\"Soci\u00e9t\u00e9 moderne des signalisations\",\"description\":\"soci\u00e9t\u00e9 de signalisation\",\"publisher\":{\"@id\":\"https:\/\/www.smsigna.com\/#organization\"},\"potentialAction\":[{\"@type\":\"SearchAction\",\"target\":{\"@type\":\"EntryPoint\",\"urlTemplate\":\"https:\/\/www.smsigna.com\/?s={search_term_string}\"},\"query-input\":{\"@type\":\"PropertyValueSpecification\",\"valueRequired\":true,\"valueName\":\"search_term_string\"}}],\"inLanguage\":\"fr-FR\"},{\"@type\":\"Organization\",\"@id\":\"https:\/\/www.smsigna.com\/#organization\",\"name\":\"soci\u00e9t\u00e9 moderne des signalisations\",\"url\":\"https:\/\/www.smsigna.com\/\",\"logo\":{\"@type\":\"ImageObject\",\"inLanguage\":\"fr-FR\",\"@id\":\"https:\/\/www.smsigna.com\/#\/schema\/logo\/image\/\",\"url\":\"https:\/\/www.smsigna.com\/wp-content\/uploads\/2021\/01\/logo-rond-sms-2020.jpg\",\"contentUrl\":\"https:\/\/www.smsigna.com\/wp-content\/uploads\/2021\/01\/logo-rond-sms-2020.jpg\",\"width\":1499,\"height\":1306,\"caption\":\"soci\u00e9t\u00e9 moderne des signalisations\"},\"image\":{\"@id\":\"https:\/\/www.smsigna.com\/#\/schema\/logo\/image\/\"}}]}<\/script>\n<!-- \/ Yoast SEO plugin. -->","yoast_head_json":{"title":"Soci\u00e9t\u00e9 moderne des signalisations stickers adh\u00e9sif bordeaux","description":"Adh\u00e9sif sur-mesure - Stickers adapt\u00e9s - \u00e9tiquette personnalis\u00e9es - D\u00e9coupe stickers - professionnel et particulier - Autocollants - Signalisation bordeaux","robots":{"index":"index","follow":"follow","max-snippet":"max-snippet:-1","max-image-preview":"max-image-preview:large","max-video-preview":"max-video-preview:-1"},"canonical":"https:\/\/www.smsigna.com\/index.php\/stickers-adhesif-bordeaux\/","og_locale":"fr_FR","og_type":"article","og_title":"Soci\u00e9t\u00e9 moderne des signalisations stickers adh\u00e9sif bordeaux","og_description":"Adh\u00e9sif sur-mesure - Stickers adapt\u00e9s - \u00e9tiquette personnalis\u00e9es - D\u00e9coupe stickers - professionnel et particulier - Autocollants - Signalisation bordeaux","og_url":"https:\/\/www.smsigna.com\/index.php\/stickers-adhesif-bordeaux\/","og_site_name":"Soci\u00e9t\u00e9 moderne des signalisations","article_modified_time":"2021-01-25T14:55:54+00:00","twitter_card":"summary_large_image","twitter_misc":{"Dur\u00e9e de lecture estim\u00e9e":"1 minute"},"schema":{"@context":"https:\/\/schema.org","@graph":[{"@type":"WebPage","@id":"https:\/\/www.smsigna.com\/index.php\/stickers-adhesif-bordeaux\/","url":"https:\/\/www.smsigna.com\/index.php\/stickers-adhesif-bordeaux\/","name":"Soci\u00e9t\u00e9 moderne des signalisations stickers adh\u00e9sif bordeaux","isPartOf":{"@id":"https:\/\/www.smsigna.com\/#website"},"datePublished":"2020-12-08T14:14:59+00:00","dateModified":"2021-01-25T14:55:54+00:00","description":"Adh\u00e9sif sur-mesure - Stickers adapt\u00e9s - \u00e9tiquette personnalis\u00e9es - D\u00e9coupe stickers - professionnel et particulier - Autocollants - Signalisation bordeaux","breadcrumb":{"@id":"https:\/\/www.smsigna.com\/index.php\/stickers-adhesif-bordeaux\/#breadcrumb"},"inLanguage":"fr-FR","potentialAction":[{"@type":"ReadAction","target":["https:\/\/www.smsigna.com\/index.php\/stickers-adhesif-bordeaux\/"]}]},{"@type":"BreadcrumbList","@id":"https:\/\/www.smsigna.com\/index.php\/stickers-adhesif-bordeaux\/#breadcrumb","itemListElement":[{"@type":"ListItem","position":1,"name":"Accueil","item":"https:\/\/www.smsigna.com\/"},{"@type":"ListItem","position":2,"name":"Adh\u00e9sif"}]},{"@type":"WebSite","@id":"https:\/\/www.smsigna.com\/#website","url":"https:\/\/www.smsigna.com\/","name":"Soci\u00e9t\u00e9 moderne des signalisations","description":"soci\u00e9t\u00e9 de signalisation","publisher":{"@id":"https:\/\/www.smsigna.com\/#organization"},"potentialAction":[{"@type":"SearchAction","target":{"@type":"EntryPoint","urlTemplate":"https:\/\/www.smsigna.com\/?s={search_term_string}"},"query-input":{"@type":"PropertyValueSpecification","valueRequired":true,"valueName":"search_term_string"}}],"inLanguage":"fr-FR"},{"@type":"Organization","@id":"https:\/\/www.smsigna.com\/#organization","name":"soci\u00e9t\u00e9 moderne des signalisations","url":"https:\/\/www.smsigna.com\/","logo":{"@type":"ImageObject","inLanguage":"fr-FR","@id":"https:\/\/www.smsigna.com\/#\/schema\/logo\/image\/","url":"https:\/\/www.smsigna.com\/wp-content\/uploads\/2021\/01\/logo-rond-sms-2020.jpg","contentUrl":"https:\/\/www.smsigna.com\/wp-content\/uploads\/2021\/01\/logo-rond-sms-2020.jpg","width":1499,"height":1306,"caption":"soci\u00e9t\u00e9 moderne des signalisations"},"image":{"@id":"https:\/\/www.smsigna.com\/#\/schema\/logo\/image\/"}}]}},"_links":{"self":[{"href":"https:\/\/www.smsigna.com\/index.php\/wp-json\/wp\/v2\/pages\/740","targetHints":{"allow":["GET"]}}],"collection":[{"href":"https:\/\/www.smsigna.com\/index.php\/wp-json\/wp\/v2\/pages"}],"about":[{"href":"https:\/\/www.smsigna.com\/index.php\/wp-json\/wp\/v2\/types\/page"}],"author":[{"embeddable":true,"href":"https:\/\/www.smsigna.com\/index.php\/wp-json\/wp\/v2\/users\/1"}],"replies":[{"embeddable":true,"href":"https:\/\/www.smsigna.com\/index.php\/wp-json\/wp\/v2\/comments?post=740"}],"version-history":[{"count":44,"href":"https:\/\/www.smsigna.com\/index.php\/wp-json\/wp\/v2\/pages\/740\/revisions"}],"predecessor-version":[{"id":3710,"href":"https:\/\/www.smsigna.com\/index.php\/wp-json\/wp\/v2\/pages\/740\/revisions\/3710"}],"wp:attachment":[{"href":"https:\/\/www.smsigna.com\/index.php\/wp-json\/wp\/v2\/media?parent=740"}],"curies":[{"name":"wp","href":"https:\/\/api.w.org\/{rel}","templated":true}]}}