{"id":687,"date":"2020-12-08T10:44:18","date_gmt":"2020-12-08T09:44:18","guid":{"rendered":"https:\/\/www.smsigna.com\/?page_id=687"},"modified":"2022-03-07T10:42:37","modified_gmt":"2022-03-07T09:42:37","slug":"mobilier-urbain-potelet-banc-bordeaux","status":"publish","type":"page","link":"https:\/\/www.smsigna.com\/index.php\/mobilier-urbain-potelet-banc-bordeaux\/","title":{"rendered":"Mobilier urbain"},"content":{"rendered":"\t\t<div data-elementor-type=\"wp-page\" data-elementor-id=\"687\" class=\"elementor elementor-687\">\n\t\t\t\t\t\t<div class=\"elementor-inner\">\n\t\t\t\t<div class=\"elementor-section-wrap\">\n\t\t\t\t\t\t\t\t\t<section class=\"elementor-section elementor-top-section elementor-element elementor-element-f2b2a83 elementor-section-stretched elementor-section-boxed elementor-section-height-default elementor-section-height-default\" data-id=\"f2b2a83\" data-element_type=\"section\" data-settings=\"{&quot;stretch_section&quot;:&quot;section-stretched&quot;}\">\n\t\t\t\t\t\t<div class=\"elementor-container elementor-column-gap-default\">\n\t\t\t\t\t\t\t<div class=\"elementor-row\">\n\t\t\t\t\t<div class=\"elementor-column elementor-col-100 elementor-top-column elementor-element elementor-element-44c4988\" data-id=\"44c4988\" data-element_type=\"column\">\n\t\t\t<div class=\"elementor-column-wrap elementor-element-populated\">\n\t\t\t\t\t\t\t<div class=\"elementor-widget-wrap\">\n\t\t\t\t\t\t<div class=\"elementor-element elementor-element-e1cd00a elementor-widget elementor-widget-text-editor\" data-id=\"e1cd00a\" data-element_type=\"widget\" data-widget_type=\"text-editor.default\">\n\t\t\t\t<div class=\"elementor-widget-container\">\n\t\t\t\t\t\t\t\t<div class=\"elementor-text-editor elementor-clearfix\">\n\t\t\t\t<p>Prot\u00e9ger et s\u00e9curiser sont des valeurs essentielles. Les communes et collectivit\u00e9s\u00a0 investissent dans le mobilier urbain. Pour r\u00e9pondre \u00e0 leurs imp\u00e9ratifs, nous vous proposons une multitude de produits regroupant l\u2019\u00e9quipement de protection urbain.<\/p>\t\t\t\t\t<\/div>\n\t\t\t\t\t\t<\/div>\n\t\t\t\t<\/div>\n\t\t\t\t<div class=\"elementor-element elementor-element-972e961 elementor-widget elementor-widget-text-editor\" data-id=\"972e961\" data-element_type=\"widget\" data-widget_type=\"text-editor.default\">\n\t\t\t\t<div class=\"elementor-widget-container\">\n\t\t\t\t\t\t\t\t<div class=\"elementor-text-editor elementor-clearfix\">\n\t\t\t\t<p>garde-corps &#8211; barri\u00e8res &#8211; bariere &#8211; escaliers &#8211; protection &#8211; equipements &#8211; am\u00e9nagement de rue &#8211; mobilier pour \u00e9cole &#8211; s\u00e9parateur &#8211; gard corp &#8211; solution ville &#8211; collectivit\u00e9 &#8211; commune &#8211; bordeaux &#8211; nouvelle aquitaine &#8211; france &#8211; slide &#8211; am\u00e9nagement sportif urbain &#8211; r\u00e9gion nouvelle aquitaine &#8211; s\u00e9curit\u00e9 &#8211; s\u00e9curisation &#8211; fabrication pose et maintenance &#8211; mat\u00e9riaux inox &#8211; personnalisable &#8211; carottage &#8211; carotteuse &#8211; norme ce &#8211; sur-mesure &#8211; ajustable\u00a0 &#8211; conseil client &#8211; suivi chantier &#8211; conseil technique\u00a0 &#8211; autonomie &#8211; protection enfant &#8211; handicap\u00e9 &#8211; aluminium &#8211; r\u00e9sistance dans le temps &#8211; soci\u00e9t\u00e9 moderne de signalisation &#8211; sms &#8211; solution cl\u00e9 en main &#8211; signalisation urbaine &#8211; signal\u00e9tique urbaine &#8211; projet sur-mesure &#8211; fabrication fran\u00e7aise &#8211; charte environnementale &#8211; fluidit\u00e9 des \u00e9changes &#8211; besoin client &#8211; SMSigna<\/p>\t\t\t\t\t<\/div>\n\t\t\t\t\t\t<\/div>\n\t\t\t\t<\/div>\n\t\t\t\t\t\t<\/div>\n\t\t\t\t\t<\/div>\n\t\t<\/div>\n\t\t\t\t\t\t\t\t<\/div>\n\t\t\t\t\t<\/div>\n\t\t<\/section>\n\t\t\t\t<section class=\"elementor-section elementor-top-section elementor-element elementor-element-1512ad81 elementor-section-stretched elementor-section-boxed elementor-section-height-default elementor-section-height-default\" data-id=\"1512ad81\" data-element_type=\"section\" data-settings=\"{&quot;background_background&quot;:&quot;classic&quot;,&quot;stretch_section&quot;:&quot;section-stretched&quot;}\">\n\t\t\t\t\t\t<div class=\"elementor-container elementor-column-gap-default\">\n\t\t\t\t\t\t\t<div class=\"elementor-row\">\n\t\t\t\t\t<div class=\"elementor-column elementor-col-100 elementor-top-column elementor-element elementor-element-6e42f4e0\" data-id=\"6e42f4e0\" data-element_type=\"column\" data-settings=\"{&quot;background_background&quot;:&quot;classic&quot;}\">\n\t\t\t<div class=\"elementor-column-wrap elementor-element-populated\">\n\t\t\t\t\t\t\t<div class=\"elementor-widget-wrap\">\n\t\t\t\t\t\t<div class=\"elementor-element elementor-element-4112d9d6 elementor-widget elementor-widget-heading\" data-id=\"4112d9d6\" data-element_type=\"widget\" data-widget_type=\"heading.default\">\n\t\t\t\t<div class=\"elementor-widget-container\">\n\t\t\t<h2 class=\"elementor-heading-title elementor-size-large\">Fabrication et pose de mobilier<\/h2>\t\t<\/div>\n\t\t\t\t<\/div>\n\t\t\t\t\t\t<\/div>\n\t\t\t\t\t<\/div>\n\t\t<\/div>\n\t\t\t\t\t\t\t\t<\/div>\n\t\t\t\t\t<\/div>\n\t\t<\/section>\n\t\t\t\t\t\t\t\t\t<\/div>\n\t\t\t<\/div>\n\t\t\t\t\t<\/div>\n\t\t","protected":false},"excerpt":{"rendered":"<p>Prot\u00e9ger et s\u00e9curiser sont des valeurs essentielles. Les communes et collectivit\u00e9s\u00a0 investissent dans le mobilier urbain. Pour r\u00e9pondre \u00e0 leurs imp\u00e9ratifs, nous [&hellip;]<\/p>\n","protected":false},"author":1,"featured_media":0,"parent":0,"menu_order":0,"comment_status":"closed","ping_status":"closed","template":"","meta":{"footnotes":""},"class_list":["post-687","page","type-page","status-publish","hentry"],"yoast_head":"<!-- This site is optimized with the Yoast SEO plugin v23.8 - https:\/\/yoast.com\/wordpress\/plugins\/seo\/ -->\n<title>Soci\u00e9t\u00e9 moderne des signalisations - mobilier urbain potelet banc bordeaux<\/title>\n<meta name=\"description\" content=\"fabrication - pose - maintenance - mobiliers urbain - signal\u00e9tique urbaine - signalisation - potelet - arceaux - toilettes - bordeaux\" \/>\n<meta name=\"robots\" content=\"index, follow, max-snippet:-1, max-image-preview:large, max-video-preview:-1\" \/>\n<link rel=\"canonical\" href=\"https:\/\/www.smsigna.com\/index.php\/mobilier-urbain-potelet-banc-bordeaux\/\" \/>\n<meta property=\"og:locale\" content=\"fr_FR\" \/>\n<meta property=\"og:type\" content=\"article\" \/>\n<meta property=\"og:title\" content=\"Soci\u00e9t\u00e9 moderne des signalisations - mobilier urbain potelet banc bordeaux\" \/>\n<meta property=\"og:description\" content=\"fabrication - pose - maintenance - mobiliers urbain - signal\u00e9tique urbaine - signalisation - potelet - arceaux - toilettes - bordeaux\" \/>\n<meta property=\"og:url\" content=\"https:\/\/www.smsigna.com\/index.php\/mobilier-urbain-potelet-banc-bordeaux\/\" \/>\n<meta property=\"og:site_name\" content=\"Soci\u00e9t\u00e9 moderne des signalisations\" \/>\n<meta property=\"article:modified_time\" content=\"2022-03-07T09:42:37+00:00\" \/>\n<meta name=\"twitter:card\" content=\"summary_large_image\" \/>\n<meta name=\"twitter:label1\" content=\"Dur\u00e9e de lecture estim\u00e9e\" \/>\n\t<meta name=\"twitter:data1\" content=\"1 minute\" \/>\n<script type=\"application\/ld+json\" class=\"yoast-schema-graph\">{\"@context\":\"https:\/\/schema.org\",\"@graph\":[{\"@type\":\"WebPage\",\"@id\":\"https:\/\/www.smsigna.com\/index.php\/mobilier-urbain-potelet-banc-bordeaux\/\",\"url\":\"https:\/\/www.smsigna.com\/index.php\/mobilier-urbain-potelet-banc-bordeaux\/\",\"name\":\"Soci\u00e9t\u00e9 moderne des signalisations - mobilier urbain potelet banc bordeaux\",\"isPartOf\":{\"@id\":\"https:\/\/www.smsigna.com\/#website\"},\"datePublished\":\"2020-12-08T09:44:18+00:00\",\"dateModified\":\"2022-03-07T09:42:37+00:00\",\"description\":\"fabrication - pose - maintenance - mobiliers urbain - signal\u00e9tique urbaine - signalisation - potelet - arceaux - toilettes - bordeaux\",\"breadcrumb\":{\"@id\":\"https:\/\/www.smsigna.com\/index.php\/mobilier-urbain-potelet-banc-bordeaux\/#breadcrumb\"},\"inLanguage\":\"fr-FR\",\"potentialAction\":[{\"@type\":\"ReadAction\",\"target\":[\"https:\/\/www.smsigna.com\/index.php\/mobilier-urbain-potelet-banc-bordeaux\/\"]}]},{\"@type\":\"BreadcrumbList\",\"@id\":\"https:\/\/www.smsigna.com\/index.php\/mobilier-urbain-potelet-banc-bordeaux\/#breadcrumb\",\"itemListElement\":[{\"@type\":\"ListItem\",\"position\":1,\"name\":\"Accueil\",\"item\":\"https:\/\/www.smsigna.com\/\"},{\"@type\":\"ListItem\",\"position\":2,\"name\":\"Mobilier urbain\"}]},{\"@type\":\"WebSite\",\"@id\":\"https:\/\/www.smsigna.com\/#website\",\"url\":\"https:\/\/www.smsigna.com\/\",\"name\":\"Soci\u00e9t\u00e9 moderne des signalisations\",\"description\":\"soci\u00e9t\u00e9 de signalisation\",\"publisher\":{\"@id\":\"https:\/\/www.smsigna.com\/#organization\"},\"potentialAction\":[{\"@type\":\"SearchAction\",\"target\":{\"@type\":\"EntryPoint\",\"urlTemplate\":\"https:\/\/www.smsigna.com\/?s={search_term_string}\"},\"query-input\":{\"@type\":\"PropertyValueSpecification\",\"valueRequired\":true,\"valueName\":\"search_term_string\"}}],\"inLanguage\":\"fr-FR\"},{\"@type\":\"Organization\",\"@id\":\"https:\/\/www.smsigna.com\/#organization\",\"name\":\"soci\u00e9t\u00e9 moderne des signalisations\",\"url\":\"https:\/\/www.smsigna.com\/\",\"logo\":{\"@type\":\"ImageObject\",\"inLanguage\":\"fr-FR\",\"@id\":\"https:\/\/www.smsigna.com\/#\/schema\/logo\/image\/\",\"url\":\"https:\/\/www.smsigna.com\/wp-content\/uploads\/2021\/01\/logo-rond-sms-2020.jpg\",\"contentUrl\":\"https:\/\/www.smsigna.com\/wp-content\/uploads\/2021\/01\/logo-rond-sms-2020.jpg\",\"width\":1499,\"height\":1306,\"caption\":\"soci\u00e9t\u00e9 moderne des signalisations\"},\"image\":{\"@id\":\"https:\/\/www.smsigna.com\/#\/schema\/logo\/image\/\"}}]}<\/script>\n<!-- \/ Yoast SEO plugin. -->","yoast_head_json":{"title":"Soci\u00e9t\u00e9 moderne des signalisations - mobilier urbain potelet banc bordeaux","description":"fabrication - pose - maintenance - mobiliers urbain - signal\u00e9tique urbaine - signalisation - potelet - arceaux - toilettes - bordeaux","robots":{"index":"index","follow":"follow","max-snippet":"max-snippet:-1","max-image-preview":"max-image-preview:large","max-video-preview":"max-video-preview:-1"},"canonical":"https:\/\/www.smsigna.com\/index.php\/mobilier-urbain-potelet-banc-bordeaux\/","og_locale":"fr_FR","og_type":"article","og_title":"Soci\u00e9t\u00e9 moderne des signalisations - mobilier urbain potelet banc bordeaux","og_description":"fabrication - pose - maintenance - mobiliers urbain - signal\u00e9tique urbaine - signalisation - potelet - arceaux - toilettes - bordeaux","og_url":"https:\/\/www.smsigna.com\/index.php\/mobilier-urbain-potelet-banc-bordeaux\/","og_site_name":"Soci\u00e9t\u00e9 moderne des signalisations","article_modified_time":"2022-03-07T09:42:37+00:00","twitter_card":"summary_large_image","twitter_misc":{"Dur\u00e9e de lecture estim\u00e9e":"1 minute"},"schema":{"@context":"https:\/\/schema.org","@graph":[{"@type":"WebPage","@id":"https:\/\/www.smsigna.com\/index.php\/mobilier-urbain-potelet-banc-bordeaux\/","url":"https:\/\/www.smsigna.com\/index.php\/mobilier-urbain-potelet-banc-bordeaux\/","name":"Soci\u00e9t\u00e9 moderne des signalisations - mobilier urbain potelet banc bordeaux","isPartOf":{"@id":"https:\/\/www.smsigna.com\/#website"},"datePublished":"2020-12-08T09:44:18+00:00","dateModified":"2022-03-07T09:42:37+00:00","description":"fabrication - pose - maintenance - mobiliers urbain - signal\u00e9tique urbaine - signalisation - potelet - arceaux - toilettes - bordeaux","breadcrumb":{"@id":"https:\/\/www.smsigna.com\/index.php\/mobilier-urbain-potelet-banc-bordeaux\/#breadcrumb"},"inLanguage":"fr-FR","potentialAction":[{"@type":"ReadAction","target":["https:\/\/www.smsigna.com\/index.php\/mobilier-urbain-potelet-banc-bordeaux\/"]}]},{"@type":"BreadcrumbList","@id":"https:\/\/www.smsigna.com\/index.php\/mobilier-urbain-potelet-banc-bordeaux\/#breadcrumb","itemListElement":[{"@type":"ListItem","position":1,"name":"Accueil","item":"https:\/\/www.smsigna.com\/"},{"@type":"ListItem","position":2,"name":"Mobilier urbain"}]},{"@type":"WebSite","@id":"https:\/\/www.smsigna.com\/#website","url":"https:\/\/www.smsigna.com\/","name":"Soci\u00e9t\u00e9 moderne des signalisations","description":"soci\u00e9t\u00e9 de signalisation","publisher":{"@id":"https:\/\/www.smsigna.com\/#organization"},"potentialAction":[{"@type":"SearchAction","target":{"@type":"EntryPoint","urlTemplate":"https:\/\/www.smsigna.com\/?s={search_term_string}"},"query-input":{"@type":"PropertyValueSpecification","valueRequired":true,"valueName":"search_term_string"}}],"inLanguage":"fr-FR"},{"@type":"Organization","@id":"https:\/\/www.smsigna.com\/#organization","name":"soci\u00e9t\u00e9 moderne des signalisations","url":"https:\/\/www.smsigna.com\/","logo":{"@type":"ImageObject","inLanguage":"fr-FR","@id":"https:\/\/www.smsigna.com\/#\/schema\/logo\/image\/","url":"https:\/\/www.smsigna.com\/wp-content\/uploads\/2021\/01\/logo-rond-sms-2020.jpg","contentUrl":"https:\/\/www.smsigna.com\/wp-content\/uploads\/2021\/01\/logo-rond-sms-2020.jpg","width":1499,"height":1306,"caption":"soci\u00e9t\u00e9 moderne des signalisations"},"image":{"@id":"https:\/\/www.smsigna.com\/#\/schema\/logo\/image\/"}}]}},"_links":{"self":[{"href":"https:\/\/www.smsigna.com\/index.php\/wp-json\/wp\/v2\/pages\/687","targetHints":{"allow":["GET"]}}],"collection":[{"href":"https:\/\/www.smsigna.com\/index.php\/wp-json\/wp\/v2\/pages"}],"about":[{"href":"https:\/\/www.smsigna.com\/index.php\/wp-json\/wp\/v2\/types\/page"}],"author":[{"embeddable":true,"href":"https:\/\/www.smsigna.com\/index.php\/wp-json\/wp\/v2\/users\/1"}],"replies":[{"embeddable":true,"href":"https:\/\/www.smsigna.com\/index.php\/wp-json\/wp\/v2\/comments?post=687"}],"version-history":[{"count":18,"href":"https:\/\/www.smsigna.com\/index.php\/wp-json\/wp\/v2\/pages\/687\/revisions"}],"predecessor-version":[{"id":3445,"href":"https:\/\/www.smsigna.com\/index.php\/wp-json\/wp\/v2\/pages\/687\/revisions\/3445"}],"wp:attachment":[{"href":"https:\/\/www.smsigna.com\/index.php\/wp-json\/wp\/v2\/media?parent=687"}],"curies":[{"name":"wp","href":"https:\/\/api.w.org\/{rel}","templated":true}]}}