{"id":662,"date":"2020-12-08T09:43:07","date_gmt":"2020-12-08T08:43:07","guid":{"rendered":"https:\/\/www.smsigna.com\/?page_id=662"},"modified":"2024-11-12T11:42:25","modified_gmt":"2024-11-12T10:42:25","slug":"signaletique-int-ext-panneaux","status":"publish","type":"page","link":"https:\/\/www.smsigna.com\/index.php\/signaletique-int-ext-panneaux\/","title":{"rendered":"Signal\u00e9tique int\/ext"},"content":{"rendered":"\t\t<div data-elementor-type=\"wp-page\" data-elementor-id=\"662\" class=\"elementor elementor-662\">\n\t\t\t\t\t\t<div class=\"elementor-inner\">\n\t\t\t\t<div class=\"elementor-section-wrap\">\n\t\t\t\t\t\t\t\t\t<section class=\"elementor-section elementor-top-section elementor-element elementor-element-6552edb elementor-section-stretched elementor-section-boxed elementor-section-height-default elementor-section-height-default\" data-id=\"6552edb\" data-element_type=\"section\" data-settings=\"{&quot;stretch_section&quot;:&quot;section-stretched&quot;}\">\n\t\t\t\t\t\t<div class=\"elementor-container elementor-column-gap-default\">\n\t\t\t\t\t\t\t<div class=\"elementor-row\">\n\t\t\t\t\t<div class=\"elementor-column elementor-col-100 elementor-top-column elementor-element elementor-element-fb85f01\" data-id=\"fb85f01\" data-element_type=\"column\">\n\t\t\t<div class=\"elementor-column-wrap elementor-element-populated\">\n\t\t\t\t\t\t\t<div class=\"elementor-widget-wrap\">\n\t\t\t\t\t\t<div class=\"elementor-element elementor-element-dab1b28 elementor-invisible elementor-widget elementor-widget-text-editor\" data-id=\"dab1b28\" data-element_type=\"widget\" data-settings=\"{&quot;_animation&quot;:&quot;bounceInRight&quot;}\" data-widget_type=\"text-editor.default\">\n\t\t\t\t<div class=\"elementor-widget-container\">\n\t\t\t\t\t\t\t\t<div class=\"elementor-text-editor elementor-clearfix\">\n\t\t\t\t<p>La signal\u00e9tique int\u00e9rieure et ext\u00e9rieur est de nos jours tr\u00e8s pr\u00e9sente sous forme de panneaux, de totems, de stickers. Elle est indispensable pour baliser un lieu et mettre en avant les informations utiles aupr\u00e8s de vos visiteurs ou client\u00e8le. Votre signalisation d\u2019entreprise doit cependant s\u2019adapter \u00e0 votre image de marque. SMS propose un large choix de mati\u00e8re des supports mais surtout un service de fabrication sur mesure et personnalisable.<\/p><h2>Utiliser la signal\u00e9tique\u00a0 pour guider :<\/h2><p>Qui n\u2019a jamais tourn\u00e9 durant de longues minutes \u00e0 l\u2019\u00e9tage d\u2019un b\u00e2timent \u00e0 la recherche d\u2019une indication, d\u2019une plaque de porte indiquant l\u2019endroit recherch\u00e9 ? Orienter vos visiteurs est indispensable pour les aider mais surtout \u00e9viter qu\u2019ils ne fassent demi-tour. Drapeau, signal\u00e9tique suspendue ou encore panneau mural, le choix est vaste pour ne plus faire d\u2019impasse sur les panneaux d\u2019indications professionnels.<\/p><h2>Des panneaux qui facilitent l&rsquo;acc\u00e8s :<\/h2><p>H\u00f4tels, restaurants, magasins et autres \u00e9tablissements se doivent de respecter certaines normes. SMS propose un large choix de supports permettant de faciliter l&rsquo;acc\u00e8s aux personnes \u00e0 mobilit\u00e9 r\u00e9duite. Vous trouverez forc\u00e9ment comment signaler au mieux vos locaux et faciliter les acc\u00e8s.<\/p><h2>Une signalisation interne originale et d\u00e9corative :<\/h2><p>Bien que la signalisation interne reste indispensable nous avons bien conscience qu\u2019elle ne doit pas pour autant d\u00e9noter avec votre d\u00e9coration. <em>Dibond, Plexiglas<\/em>, bois et aluminium ou encore verre tremp\u00e9 seront matcher au mieux avec votre int\u00e9rieur. Les grands adh\u00e9sifs muraux sont une belle alternative pour donner un aspect d\u00e9coratif au balisage. Standards ou sur-mesure ils se posent facilement et directement sur vos murs et portes, originalit\u00e9 et visibilit\u00e9 assur\u00e9 !<\/p>\t\t\t\t\t<\/div>\n\t\t\t\t\t\t<\/div>\n\t\t\t\t<\/div>\n\t\t\t\t\t\t<\/div>\n\t\t\t\t\t<\/div>\n\t\t<\/div>\n\t\t\t\t\t\t\t\t<\/div>\n\t\t\t\t\t<\/div>\n\t\t<\/section>\n\t\t\t\t<section class=\"elementor-section elementor-top-section elementor-element elementor-element-5363827e elementor-section-stretched elementor-section-boxed elementor-section-height-default elementor-section-height-default\" data-id=\"5363827e\" data-element_type=\"section\" data-settings=\"{&quot;background_background&quot;:&quot;classic&quot;,&quot;stretch_section&quot;:&quot;section-stretched&quot;}\">\n\t\t\t\t\t\t<div class=\"elementor-container elementor-column-gap-default\">\n\t\t\t\t\t\t\t<div class=\"elementor-row\">\n\t\t\t\t\t<div class=\"elementor-column elementor-col-100 elementor-top-column elementor-element elementor-element-363cb6c3\" data-id=\"363cb6c3\" data-element_type=\"column\" data-settings=\"{&quot;background_background&quot;:&quot;classic&quot;}\">\n\t\t\t<div class=\"elementor-column-wrap elementor-element-populated\">\n\t\t\t\t\t\t\t<div class=\"elementor-widget-wrap\">\n\t\t\t\t\t\t<div class=\"elementor-element elementor-element-377b5d22 elementor-widget elementor-widget-heading\" data-id=\"377b5d22\" data-element_type=\"widget\" data-widget_type=\"heading.default\">\n\t\t\t\t<div class=\"elementor-widget-container\">\n\t\t\t<h2 class=\"elementor-heading-title elementor-size-large\">Fabrication et pose de panneaux<\/h2>\t\t<\/div>\n\t\t\t\t<\/div>\n\t\t\t\t\t\t<\/div>\n\t\t\t\t\t<\/div>\n\t\t<\/div>\n\t\t\t\t\t\t\t\t<\/div>\n\t\t\t\t\t<\/div>\n\t\t<\/section>\n\t\t\t\t\t\t\t\t\t<\/div>\n\t\t\t<\/div>\n\t\t\t\t\t<\/div>\n\t\t","protected":false},"excerpt":{"rendered":"<p>La signal\u00e9tique int\u00e9rieure et ext\u00e9rieur est de nos jours tr\u00e8s pr\u00e9sente sous forme de panneaux, de totems, de stickers. Elle est indispensable [&hellip;]<\/p>\n","protected":false},"author":1,"featured_media":0,"parent":0,"menu_order":0,"comment_status":"closed","ping_status":"closed","template":"","meta":{"footnotes":""},"class_list":["post-662","page","type-page","status-publish","hentry"],"yoast_head":"<!-- This site is optimized with the Yoast SEO plugin v23.8 - https:\/\/yoast.com\/wordpress\/plugins\/seo\/ -->\n<title>Soci\u00e9t\u00e9 moderne des signalisations - signal\u00e9tique signalisation panneaux bordeaux<\/title>\n<meta name=\"description\" content=\"signal\u00e9tique int\u00e9rieure ext\u00e9rieure panneaux - cr\u00e9ation fabrication pose - panneaux - enseigne - Bordeaux - fabrication fran\u00e7aise\" \/>\n<meta name=\"robots\" content=\"index, follow, max-snippet:-1, max-image-preview:large, max-video-preview:-1\" \/>\n<link rel=\"canonical\" href=\"https:\/\/www.smsigna.com\/index.php\/signaletique-int-ext-panneaux\/\" \/>\n<meta property=\"og:locale\" content=\"fr_FR\" \/>\n<meta property=\"og:type\" content=\"article\" \/>\n<meta property=\"og:title\" content=\"Soci\u00e9t\u00e9 moderne des signalisations - signal\u00e9tique signalisation panneaux bordeaux\" \/>\n<meta property=\"og:description\" content=\"signal\u00e9tique int\u00e9rieure ext\u00e9rieure panneaux - cr\u00e9ation fabrication pose - panneaux - enseigne - Bordeaux - fabrication fran\u00e7aise\" \/>\n<meta property=\"og:url\" content=\"https:\/\/www.smsigna.com\/index.php\/signaletique-int-ext-panneaux\/\" \/>\n<meta property=\"og:site_name\" content=\"Soci\u00e9t\u00e9 moderne des signalisations\" \/>\n<meta property=\"article:modified_time\" content=\"2024-11-12T10:42:25+00:00\" \/>\n<meta name=\"twitter:card\" content=\"summary_large_image\" \/>\n<meta name=\"twitter:label1\" content=\"Dur\u00e9e de lecture estim\u00e9e\" \/>\n\t<meta name=\"twitter:data1\" content=\"2 minutes\" \/>\n<script type=\"application\/ld+json\" class=\"yoast-schema-graph\">{\"@context\":\"https:\/\/schema.org\",\"@graph\":[{\"@type\":\"WebPage\",\"@id\":\"https:\/\/www.smsigna.com\/index.php\/signaletique-int-ext-panneaux\/\",\"url\":\"https:\/\/www.smsigna.com\/index.php\/signaletique-int-ext-panneaux\/\",\"name\":\"Soci\u00e9t\u00e9 moderne des signalisations - signal\u00e9tique signalisation panneaux bordeaux\",\"isPartOf\":{\"@id\":\"https:\/\/www.smsigna.com\/#website\"},\"datePublished\":\"2020-12-08T08:43:07+00:00\",\"dateModified\":\"2024-11-12T10:42:25+00:00\",\"description\":\"signal\u00e9tique int\u00e9rieure ext\u00e9rieure panneaux - cr\u00e9ation fabrication pose - panneaux - enseigne - Bordeaux - fabrication fran\u00e7aise\",\"breadcrumb\":{\"@id\":\"https:\/\/www.smsigna.com\/index.php\/signaletique-int-ext-panneaux\/#breadcrumb\"},\"inLanguage\":\"fr-FR\",\"potentialAction\":[{\"@type\":\"ReadAction\",\"target\":[\"https:\/\/www.smsigna.com\/index.php\/signaletique-int-ext-panneaux\/\"]}]},{\"@type\":\"BreadcrumbList\",\"@id\":\"https:\/\/www.smsigna.com\/index.php\/signaletique-int-ext-panneaux\/#breadcrumb\",\"itemListElement\":[{\"@type\":\"ListItem\",\"position\":1,\"name\":\"Accueil\",\"item\":\"https:\/\/www.smsigna.com\/\"},{\"@type\":\"ListItem\",\"position\":2,\"name\":\"Signal\u00e9tique int\/ext\"}]},{\"@type\":\"WebSite\",\"@id\":\"https:\/\/www.smsigna.com\/#website\",\"url\":\"https:\/\/www.smsigna.com\/\",\"name\":\"Soci\u00e9t\u00e9 moderne des signalisations\",\"description\":\"soci\u00e9t\u00e9 de signalisation\",\"publisher\":{\"@id\":\"https:\/\/www.smsigna.com\/#organization\"},\"potentialAction\":[{\"@type\":\"SearchAction\",\"target\":{\"@type\":\"EntryPoint\",\"urlTemplate\":\"https:\/\/www.smsigna.com\/?s={search_term_string}\"},\"query-input\":{\"@type\":\"PropertyValueSpecification\",\"valueRequired\":true,\"valueName\":\"search_term_string\"}}],\"inLanguage\":\"fr-FR\"},{\"@type\":\"Organization\",\"@id\":\"https:\/\/www.smsigna.com\/#organization\",\"name\":\"soci\u00e9t\u00e9 moderne des signalisations\",\"url\":\"https:\/\/www.smsigna.com\/\",\"logo\":{\"@type\":\"ImageObject\",\"inLanguage\":\"fr-FR\",\"@id\":\"https:\/\/www.smsigna.com\/#\/schema\/logo\/image\/\",\"url\":\"https:\/\/www.smsigna.com\/wp-content\/uploads\/2021\/01\/logo-rond-sms-2020.jpg\",\"contentUrl\":\"https:\/\/www.smsigna.com\/wp-content\/uploads\/2021\/01\/logo-rond-sms-2020.jpg\",\"width\":1499,\"height\":1306,\"caption\":\"soci\u00e9t\u00e9 moderne des signalisations\"},\"image\":{\"@id\":\"https:\/\/www.smsigna.com\/#\/schema\/logo\/image\/\"}}]}<\/script>\n<!-- \/ Yoast SEO plugin. -->","yoast_head_json":{"title":"Soci\u00e9t\u00e9 moderne des signalisations - signal\u00e9tique signalisation panneaux bordeaux","description":"signal\u00e9tique int\u00e9rieure ext\u00e9rieure panneaux - cr\u00e9ation fabrication pose - panneaux - enseigne - Bordeaux - fabrication fran\u00e7aise","robots":{"index":"index","follow":"follow","max-snippet":"max-snippet:-1","max-image-preview":"max-image-preview:large","max-video-preview":"max-video-preview:-1"},"canonical":"https:\/\/www.smsigna.com\/index.php\/signaletique-int-ext-panneaux\/","og_locale":"fr_FR","og_type":"article","og_title":"Soci\u00e9t\u00e9 moderne des signalisations - signal\u00e9tique signalisation panneaux bordeaux","og_description":"signal\u00e9tique int\u00e9rieure ext\u00e9rieure panneaux - cr\u00e9ation fabrication pose - panneaux - enseigne - Bordeaux - fabrication fran\u00e7aise","og_url":"https:\/\/www.smsigna.com\/index.php\/signaletique-int-ext-panneaux\/","og_site_name":"Soci\u00e9t\u00e9 moderne des signalisations","article_modified_time":"2024-11-12T10:42:25+00:00","twitter_card":"summary_large_image","twitter_misc":{"Dur\u00e9e de lecture estim\u00e9e":"2 minutes"},"schema":{"@context":"https:\/\/schema.org","@graph":[{"@type":"WebPage","@id":"https:\/\/www.smsigna.com\/index.php\/signaletique-int-ext-panneaux\/","url":"https:\/\/www.smsigna.com\/index.php\/signaletique-int-ext-panneaux\/","name":"Soci\u00e9t\u00e9 moderne des signalisations - signal\u00e9tique signalisation panneaux bordeaux","isPartOf":{"@id":"https:\/\/www.smsigna.com\/#website"},"datePublished":"2020-12-08T08:43:07+00:00","dateModified":"2024-11-12T10:42:25+00:00","description":"signal\u00e9tique int\u00e9rieure ext\u00e9rieure panneaux - cr\u00e9ation fabrication pose - panneaux - enseigne - Bordeaux - fabrication fran\u00e7aise","breadcrumb":{"@id":"https:\/\/www.smsigna.com\/index.php\/signaletique-int-ext-panneaux\/#breadcrumb"},"inLanguage":"fr-FR","potentialAction":[{"@type":"ReadAction","target":["https:\/\/www.smsigna.com\/index.php\/signaletique-int-ext-panneaux\/"]}]},{"@type":"BreadcrumbList","@id":"https:\/\/www.smsigna.com\/index.php\/signaletique-int-ext-panneaux\/#breadcrumb","itemListElement":[{"@type":"ListItem","position":1,"name":"Accueil","item":"https:\/\/www.smsigna.com\/"},{"@type":"ListItem","position":2,"name":"Signal\u00e9tique int\/ext"}]},{"@type":"WebSite","@id":"https:\/\/www.smsigna.com\/#website","url":"https:\/\/www.smsigna.com\/","name":"Soci\u00e9t\u00e9 moderne des signalisations","description":"soci\u00e9t\u00e9 de signalisation","publisher":{"@id":"https:\/\/www.smsigna.com\/#organization"},"potentialAction":[{"@type":"SearchAction","target":{"@type":"EntryPoint","urlTemplate":"https:\/\/www.smsigna.com\/?s={search_term_string}"},"query-input":{"@type":"PropertyValueSpecification","valueRequired":true,"valueName":"search_term_string"}}],"inLanguage":"fr-FR"},{"@type":"Organization","@id":"https:\/\/www.smsigna.com\/#organization","name":"soci\u00e9t\u00e9 moderne des signalisations","url":"https:\/\/www.smsigna.com\/","logo":{"@type":"ImageObject","inLanguage":"fr-FR","@id":"https:\/\/www.smsigna.com\/#\/schema\/logo\/image\/","url":"https:\/\/www.smsigna.com\/wp-content\/uploads\/2021\/01\/logo-rond-sms-2020.jpg","contentUrl":"https:\/\/www.smsigna.com\/wp-content\/uploads\/2021\/01\/logo-rond-sms-2020.jpg","width":1499,"height":1306,"caption":"soci\u00e9t\u00e9 moderne des signalisations"},"image":{"@id":"https:\/\/www.smsigna.com\/#\/schema\/logo\/image\/"}}]}},"_links":{"self":[{"href":"https:\/\/www.smsigna.com\/index.php\/wp-json\/wp\/v2\/pages\/662","targetHints":{"allow":["GET"]}}],"collection":[{"href":"https:\/\/www.smsigna.com\/index.php\/wp-json\/wp\/v2\/pages"}],"about":[{"href":"https:\/\/www.smsigna.com\/index.php\/wp-json\/wp\/v2\/types\/page"}],"author":[{"embeddable":true,"href":"https:\/\/www.smsigna.com\/index.php\/wp-json\/wp\/v2\/users\/1"}],"replies":[{"embeddable":true,"href":"https:\/\/www.smsigna.com\/index.php\/wp-json\/wp\/v2\/comments?post=662"}],"version-history":[{"count":53,"href":"https:\/\/www.smsigna.com\/index.php\/wp-json\/wp\/v2\/pages\/662\/revisions"}],"predecessor-version":[{"id":3720,"href":"https:\/\/www.smsigna.com\/index.php\/wp-json\/wp\/v2\/pages\/662\/revisions\/3720"}],"wp:attachment":[{"href":"https:\/\/www.smsigna.com\/index.php\/wp-json\/wp\/v2\/media?parent=662"}],"curies":[{"name":"wp","href":"https:\/\/api.w.org\/{rel}","templated":true}]}}