{"id":3065,"date":"2021-08-25T09:02:52","date_gmt":"2021-08-25T07:02:52","guid":{"rendered":"https:\/\/www.smsigna.com\/?page_id=3065"},"modified":"2025-12-11T11:19:08","modified_gmt":"2025-12-11T10:19:08","slug":"contact","status":"publish","type":"page","link":"https:\/\/www.smsigna.com\/index.php\/contact\/","title":{"rendered":"contact"},"content":{"rendered":"\t\t<div data-elementor-type=\"wp-page\" data-elementor-id=\"3065\" class=\"elementor elementor-3065\">\n\t\t\t\t\t\t<div class=\"elementor-inner\">\n\t\t\t\t<div class=\"elementor-section-wrap\">\n\t\t\t\t\t\t\t\t\t<section class=\"elementor-section elementor-top-section elementor-element elementor-element-6e68a5c3 elementor-section-full_width elementor-section-height-default elementor-section-height-default\" data-id=\"6e68a5c3\" data-element_type=\"section\" data-settings=\"{&quot;background_background&quot;:&quot;classic&quot;}\">\n\t\t\t\t\t\t<div class=\"elementor-container elementor-column-gap-no\">\n\t\t\t\t\t\t\t<div class=\"elementor-row\">\n\t\t\t\t\t<div class=\"elementor-column elementor-col-100 elementor-top-column elementor-element elementor-element-3c93f731\" data-id=\"3c93f731\" data-element_type=\"column\" data-settings=\"{&quot;background_background&quot;:&quot;classic&quot;}\">\n\t\t\t<div class=\"elementor-column-wrap elementor-element-populated\">\n\t\t\t\t\t<div class=\"elementor-background-overlay\"><\/div>\n\t\t\t\t\t\t\t<div class=\"elementor-widget-wrap\">\n\t\t\t\t\t\t<div class=\"elementor-element elementor-element-57753e23 elementor-widget__width-inherit elementor-invisible elementor-widget elementor-widget-google_maps\" data-id=\"57753e23\" data-element_type=\"widget\" data-settings=\"{&quot;_animation&quot;:&quot;zoomIn&quot;}\" data-widget_type=\"google_maps.default\">\n\t\t\t\t<div class=\"elementor-widget-container\">\n\t\t\t\t\t<div class=\"elementor-custom-embed\">\n\t\t\t<iframe frameborder=\"0\" scrolling=\"no\" marginheight=\"0\" marginwidth=\"0\"\n\t\t\t\t\tsrc=\"https:\/\/maps.google.com\/maps?q=36%20avenue%20de%20labarde%2033000%20bordeaux&#038;t=m&#038;z=13&#038;output=embed&#038;iwloc=near\"\n\t\t\t\t\ttitle=\"36 avenue de labarde 33000 bordeaux\"\n\t\t\t\t\taria-label=\"36 avenue de labarde 33000 bordeaux\"\n\t\t\t><\/iframe>\n\t\t<\/div>\n\t\t\t\t<\/div>\n\t\t\t\t<\/div>\n\t\t\t\t<section class=\"elementor-section elementor-inner-section elementor-element elementor-element-71abefc3 elementor-section-boxed elementor-section-height-default elementor-section-height-default\" data-id=\"71abefc3\" data-element_type=\"section\" data-settings=\"{&quot;background_background&quot;:&quot;classic&quot;}\">\n\t\t\t\t\t\t<div class=\"elementor-container elementor-column-gap-narrow\">\n\t\t\t\t\t\t\t<div class=\"elementor-row\">\n\t\t\t\t\t<div class=\"elementor-column elementor-col-33 elementor-inner-column elementor-element elementor-element-7371adc1\" data-id=\"7371adc1\" data-element_type=\"column\">\n\t\t\t<div class=\"elementor-column-wrap elementor-element-populated\">\n\t\t\t\t\t\t\t<div class=\"elementor-widget-wrap\">\n\t\t\t\t\t\t<div class=\"elementor-element elementor-element-23e19c19 elementor-widget elementor-widget-heading\" data-id=\"23e19c19\" data-element_type=\"widget\" data-widget_type=\"heading.default\">\n\t\t\t\t<div class=\"elementor-widget-container\">\n\t\t\t<h6 class=\"elementor-heading-title elementor-size-default\">Situation<\/h6>\t\t<\/div>\n\t\t\t\t<\/div>\n\t\t\t\t<div class=\"elementor-element elementor-element-48208dad elementor-widget elementor-widget-text-editor\" data-id=\"48208dad\" data-element_type=\"widget\" data-widget_type=\"text-editor.default\">\n\t\t\t\t<div class=\"elementor-widget-container\">\n\t\t\t\t\t\t\t\t<div class=\"elementor-text-editor elementor-clearfix\">\n\t\t\t\t<p>36 Avenue de Labarde<\/p><p>33300 BORDEAUX<\/p>\t\t\t\t\t<\/div>\n\t\t\t\t\t\t<\/div>\n\t\t\t\t<\/div>\n\t\t\t\t\t\t<\/div>\n\t\t\t\t\t<\/div>\n\t\t<\/div>\n\t\t\t\t<div class=\"elementor-column elementor-col-33 elementor-inner-column elementor-element elementor-element-47e32cf7\" data-id=\"47e32cf7\" data-element_type=\"column\">\n\t\t\t<div class=\"elementor-column-wrap elementor-element-populated\">\n\t\t\t\t\t\t\t<div class=\"elementor-widget-wrap\">\n\t\t\t\t\t\t<div class=\"elementor-element elementor-element-23dbcbe elementor-widget elementor-widget-heading\" data-id=\"23dbcbe\" data-element_type=\"widget\" data-widget_type=\"heading.default\">\n\t\t\t\t<div class=\"elementor-widget-container\">\n\t\t\t<h6 class=\"elementor-heading-title elementor-size-default\">Horaires<\/h6>\t\t<\/div>\n\t\t\t\t<\/div>\n\t\t\t\t<div class=\"elementor-element elementor-element-c3881e4 elementor-widget elementor-widget-text-editor\" data-id=\"c3881e4\" data-element_type=\"widget\" data-widget_type=\"text-editor.default\">\n\t\t\t\t<div class=\"elementor-widget-container\">\n\t\t\t\t\t\t\t\t<div class=\"elementor-text-editor elementor-clearfix\">\n\t\t\t\t<p>7h30-12h\/ 13h-16h30<br \/>du Lundi au Jeudi<\/p><p>7h30-12h\/ 13h15h-15h15<br \/>Vendredi<\/p>\t\t\t\t\t<\/div>\n\t\t\t\t\t\t<\/div>\n\t\t\t\t<\/div>\n\t\t\t\t\t\t<\/div>\n\t\t\t\t\t<\/div>\n\t\t<\/div>\n\t\t\t\t<div class=\"elementor-column elementor-col-33 elementor-inner-column elementor-element elementor-element-753f8032\" data-id=\"753f8032\" data-element_type=\"column\">\n\t\t\t<div class=\"elementor-column-wrap elementor-element-populated\">\n\t\t\t\t\t\t\t<div class=\"elementor-widget-wrap\">\n\t\t\t\t\t\t<div class=\"elementor-element elementor-element-2fc4eac7 elementor-widget elementor-widget-heading\" data-id=\"2fc4eac7\" data-element_type=\"widget\" data-widget_type=\"heading.default\">\n\t\t\t\t<div class=\"elementor-widget-container\">\n\t\t\t<h6 class=\"elementor-heading-title elementor-size-default\">Contactez-nous<\/h6>\t\t<\/div>\n\t\t\t\t<\/div>\n\t\t\t\t<div class=\"elementor-element elementor-element-c3a4b51 elementor-widget elementor-widget-text-editor\" data-id=\"c3a4b51\" data-element_type=\"widget\" data-widget_type=\"text-editor.default\">\n\t\t\t\t<div class=\"elementor-widget-container\">\n\t\t\t\t\t\t\t\t<div class=\"elementor-text-editor elementor-clearfix\">\n\t\t\t\t<p>05 57 93 04 64<br \/>accueil@smsigna.com<\/p>\t\t\t\t\t<\/div>\n\t\t\t\t\t\t<\/div>\n\t\t\t\t<\/div>\n\t\t\t\t\t\t<\/div>\n\t\t\t\t\t<\/div>\n\t\t<\/div>\n\t\t\t\t\t\t\t\t<\/div>\n\t\t\t\t\t<\/div>\n\t\t<\/section>\n\t\t\t\t\t\t<\/div>\n\t\t\t\t\t<\/div>\n\t\t<\/div>\n\t\t\t\t\t\t\t\t<\/div>\n\t\t\t\t\t<\/div>\n\t\t<\/section>\n\t\t\t\t\t\t\t\t\t<\/div>\n\t\t\t<\/div>\n\t\t\t\t\t<\/div>\n\t\t","protected":false},"excerpt":{"rendered":"<p>Situation 36 Avenue de Labarde 33300 BORDEAUX Horaires 7h30-12h\/ 13h-16h30du Lundi au Jeudi 7h30-12h\/ 13h15h-15h15Vendredi Contactez-nous 05 57 93 04 64accueil@smsigna.com<\/p>\n","protected":false},"author":1,"featured_media":0,"parent":0,"menu_order":0,"comment_status":"closed","ping_status":"closed","template":"","meta":{"footnotes":""},"class_list":["post-3065","page","type-page","status-publish","hentry"],"yoast_head":"<!-- This site is optimized with the Yoast SEO plugin v23.8 - https:\/\/yoast.com\/wordpress\/plugins\/seo\/ -->\n<title>contact - Soci\u00e9t\u00e9 moderne des signalisations<\/title>\n<meta name=\"robots\" content=\"index, follow, max-snippet:-1, max-image-preview:large, max-video-preview:-1\" \/>\n<link rel=\"canonical\" href=\"https:\/\/www.smsigna.com\/index.php\/contact\/\" \/>\n<meta property=\"og:locale\" content=\"fr_FR\" \/>\n<meta property=\"og:type\" content=\"article\" \/>\n<meta property=\"og:title\" content=\"contact - Soci\u00e9t\u00e9 moderne des signalisations\" \/>\n<meta property=\"og:description\" content=\"Situation 36 Avenue de Labarde 33300 BORDEAUX Horaires 7h30-12h\/ 13h-16h30du Lundi au Jeudi 7h30-12h\/ 13h15h-15h15Vendredi Contactez-nous 05 57 93 04 64accueil@smsigna.com\" \/>\n<meta property=\"og:url\" content=\"https:\/\/www.smsigna.com\/index.php\/contact\/\" \/>\n<meta property=\"og:site_name\" content=\"Soci\u00e9t\u00e9 moderne des signalisations\" \/>\n<meta property=\"article:modified_time\" content=\"2025-12-11T10:19:08+00:00\" \/>\n<meta name=\"twitter:card\" content=\"summary_large_image\" \/>\n<meta name=\"twitter:label1\" content=\"Dur\u00e9e de lecture estim\u00e9e\" \/>\n\t<meta name=\"twitter:data1\" content=\"1 minute\" \/>\n<script type=\"application\/ld+json\" class=\"yoast-schema-graph\">{\"@context\":\"https:\/\/schema.org\",\"@graph\":[{\"@type\":\"WebPage\",\"@id\":\"https:\/\/www.smsigna.com\/index.php\/contact\/\",\"url\":\"https:\/\/www.smsigna.com\/index.php\/contact\/\",\"name\":\"contact - Soci\u00e9t\u00e9 moderne des signalisations\",\"isPartOf\":{\"@id\":\"https:\/\/www.smsigna.com\/#website\"},\"datePublished\":\"2021-08-25T07:02:52+00:00\",\"dateModified\":\"2025-12-11T10:19:08+00:00\",\"breadcrumb\":{\"@id\":\"https:\/\/www.smsigna.com\/index.php\/contact\/#breadcrumb\"},\"inLanguage\":\"fr-FR\",\"potentialAction\":[{\"@type\":\"ReadAction\",\"target\":[\"https:\/\/www.smsigna.com\/index.php\/contact\/\"]}]},{\"@type\":\"BreadcrumbList\",\"@id\":\"https:\/\/www.smsigna.com\/index.php\/contact\/#breadcrumb\",\"itemListElement\":[{\"@type\":\"ListItem\",\"position\":1,\"name\":\"Accueil\",\"item\":\"https:\/\/www.smsigna.com\/\"},{\"@type\":\"ListItem\",\"position\":2,\"name\":\"contact\"}]},{\"@type\":\"WebSite\",\"@id\":\"https:\/\/www.smsigna.com\/#website\",\"url\":\"https:\/\/www.smsigna.com\/\",\"name\":\"Soci\u00e9t\u00e9 moderne des signalisations\",\"description\":\"soci\u00e9t\u00e9 de signalisation\",\"publisher\":{\"@id\":\"https:\/\/www.smsigna.com\/#organization\"},\"potentialAction\":[{\"@type\":\"SearchAction\",\"target\":{\"@type\":\"EntryPoint\",\"urlTemplate\":\"https:\/\/www.smsigna.com\/?s={search_term_string}\"},\"query-input\":{\"@type\":\"PropertyValueSpecification\",\"valueRequired\":true,\"valueName\":\"search_term_string\"}}],\"inLanguage\":\"fr-FR\"},{\"@type\":\"Organization\",\"@id\":\"https:\/\/www.smsigna.com\/#organization\",\"name\":\"soci\u00e9t\u00e9 moderne des signalisations\",\"url\":\"https:\/\/www.smsigna.com\/\",\"logo\":{\"@type\":\"ImageObject\",\"inLanguage\":\"fr-FR\",\"@id\":\"https:\/\/www.smsigna.com\/#\/schema\/logo\/image\/\",\"url\":\"https:\/\/www.smsigna.com\/wp-content\/uploads\/2021\/01\/logo-rond-sms-2020.jpg\",\"contentUrl\":\"https:\/\/www.smsigna.com\/wp-content\/uploads\/2021\/01\/logo-rond-sms-2020.jpg\",\"width\":1499,\"height\":1306,\"caption\":\"soci\u00e9t\u00e9 moderne des signalisations\"},\"image\":{\"@id\":\"https:\/\/www.smsigna.com\/#\/schema\/logo\/image\/\"}}]}<\/script>\n<!-- \/ Yoast SEO plugin. -->","yoast_head_json":{"title":"contact - Soci\u00e9t\u00e9 moderne des signalisations","robots":{"index":"index","follow":"follow","max-snippet":"max-snippet:-1","max-image-preview":"max-image-preview:large","max-video-preview":"max-video-preview:-1"},"canonical":"https:\/\/www.smsigna.com\/index.php\/contact\/","og_locale":"fr_FR","og_type":"article","og_title":"contact - Soci\u00e9t\u00e9 moderne des signalisations","og_description":"Situation 36 Avenue de Labarde 33300 BORDEAUX Horaires 7h30-12h\/ 13h-16h30du Lundi au Jeudi 7h30-12h\/ 13h15h-15h15Vendredi Contactez-nous 05 57 93 04 64accueil@smsigna.com","og_url":"https:\/\/www.smsigna.com\/index.php\/contact\/","og_site_name":"Soci\u00e9t\u00e9 moderne des signalisations","article_modified_time":"2025-12-11T10:19:08+00:00","twitter_card":"summary_large_image","twitter_misc":{"Dur\u00e9e de lecture estim\u00e9e":"1 minute"},"schema":{"@context":"https:\/\/schema.org","@graph":[{"@type":"WebPage","@id":"https:\/\/www.smsigna.com\/index.php\/contact\/","url":"https:\/\/www.smsigna.com\/index.php\/contact\/","name":"contact - Soci\u00e9t\u00e9 moderne des signalisations","isPartOf":{"@id":"https:\/\/www.smsigna.com\/#website"},"datePublished":"2021-08-25T07:02:52+00:00","dateModified":"2025-12-11T10:19:08+00:00","breadcrumb":{"@id":"https:\/\/www.smsigna.com\/index.php\/contact\/#breadcrumb"},"inLanguage":"fr-FR","potentialAction":[{"@type":"ReadAction","target":["https:\/\/www.smsigna.com\/index.php\/contact\/"]}]},{"@type":"BreadcrumbList","@id":"https:\/\/www.smsigna.com\/index.php\/contact\/#breadcrumb","itemListElement":[{"@type":"ListItem","position":1,"name":"Accueil","item":"https:\/\/www.smsigna.com\/"},{"@type":"ListItem","position":2,"name":"contact"}]},{"@type":"WebSite","@id":"https:\/\/www.smsigna.com\/#website","url":"https:\/\/www.smsigna.com\/","name":"Soci\u00e9t\u00e9 moderne des signalisations","description":"soci\u00e9t\u00e9 de signalisation","publisher":{"@id":"https:\/\/www.smsigna.com\/#organization"},"potentialAction":[{"@type":"SearchAction","target":{"@type":"EntryPoint","urlTemplate":"https:\/\/www.smsigna.com\/?s={search_term_string}"},"query-input":{"@type":"PropertyValueSpecification","valueRequired":true,"valueName":"search_term_string"}}],"inLanguage":"fr-FR"},{"@type":"Organization","@id":"https:\/\/www.smsigna.com\/#organization","name":"soci\u00e9t\u00e9 moderne des signalisations","url":"https:\/\/www.smsigna.com\/","logo":{"@type":"ImageObject","inLanguage":"fr-FR","@id":"https:\/\/www.smsigna.com\/#\/schema\/logo\/image\/","url":"https:\/\/www.smsigna.com\/wp-content\/uploads\/2021\/01\/logo-rond-sms-2020.jpg","contentUrl":"https:\/\/www.smsigna.com\/wp-content\/uploads\/2021\/01\/logo-rond-sms-2020.jpg","width":1499,"height":1306,"caption":"soci\u00e9t\u00e9 moderne des signalisations"},"image":{"@id":"https:\/\/www.smsigna.com\/#\/schema\/logo\/image\/"}}]}},"_links":{"self":[{"href":"https:\/\/www.smsigna.com\/index.php\/wp-json\/wp\/v2\/pages\/3065","targetHints":{"allow":["GET"]}}],"collection":[{"href":"https:\/\/www.smsigna.com\/index.php\/wp-json\/wp\/v2\/pages"}],"about":[{"href":"https:\/\/www.smsigna.com\/index.php\/wp-json\/wp\/v2\/types\/page"}],"author":[{"embeddable":true,"href":"https:\/\/www.smsigna.com\/index.php\/wp-json\/wp\/v2\/users\/1"}],"replies":[{"embeddable":true,"href":"https:\/\/www.smsigna.com\/index.php\/wp-json\/wp\/v2\/comments?post=3065"}],"version-history":[{"count":156,"href":"https:\/\/www.smsigna.com\/index.php\/wp-json\/wp\/v2\/pages\/3065\/revisions"}],"predecessor-version":[{"id":3757,"href":"https:\/\/www.smsigna.com\/index.php\/wp-json\/wp\/v2\/pages\/3065\/revisions\/3757"}],"wp:attachment":[{"href":"https:\/\/www.smsigna.com\/index.php\/wp-json\/wp\/v2\/media?parent=3065"}],"curies":[{"name":"wp","href":"https:\/\/api.w.org\/{rel}","templated":true}]}}