{"id":2955,"date":"2021-01-25T16:06:00","date_gmt":"2021-01-25T15:06:00","guid":{"rendered":"https:\/\/www.smsigna.com\/?page_id=2955"},"modified":"2022-06-21T11:13:12","modified_gmt":"2022-06-21T09:13:12","slug":"enseigne-bordeaux","status":"publish","type":"page","link":"https:\/\/www.smsigna.com\/index.php\/enseigne-bordeaux\/","title":{"rendered":"Enseigne"},"content":{"rendered":"\t\t<div data-elementor-type=\"wp-page\" data-elementor-id=\"2955\" class=\"elementor elementor-2955\">\n\t\t\t\t\t\t<div class=\"elementor-inner\">\n\t\t\t\t<div class=\"elementor-section-wrap\">\n\t\t\t\t\t\t\t\t\t<section class=\"elementor-section elementor-top-section elementor-element elementor-element-782a6d72 elementor-section-stretched elementor-section-boxed elementor-section-height-default elementor-section-height-default\" data-id=\"782a6d72\" data-element_type=\"section\" data-settings=\"{&quot;background_background&quot;:&quot;classic&quot;,&quot;stretch_section&quot;:&quot;section-stretched&quot;}\">\n\t\t\t\t\t\t<div class=\"elementor-container elementor-column-gap-no\">\n\t\t\t\t\t\t\t<div class=\"elementor-row\">\n\t\t\t\t\t<div class=\"elementor-column elementor-col-100 elementor-top-column elementor-element elementor-element-4a880531\" data-id=\"4a880531\" data-element_type=\"column\">\n\t\t\t<div class=\"elementor-column-wrap elementor-element-populated\">\n\t\t\t\t\t\t\t<div class=\"elementor-widget-wrap\">\n\t\t\t\t\t\t<section class=\"elementor-section elementor-inner-section elementor-element elementor-element-7a69492a elementor-section-content-middle elementor-section-boxed elementor-section-height-default elementor-section-height-default\" data-id=\"7a69492a\" data-element_type=\"section\">\n\t\t\t\t\t\t<div class=\"elementor-container elementor-column-gap-no\">\n\t\t\t\t\t\t\t<div class=\"elementor-row\">\n\t\t\t\t\t<div class=\"elementor-column elementor-col-50 elementor-inner-column elementor-element elementor-element-2d3a0ccf\" data-id=\"2d3a0ccf\" data-element_type=\"column\" data-settings=\"{&quot;background_background&quot;:&quot;classic&quot;}\">\n\t\t\t<div class=\"elementor-column-wrap elementor-element-populated\">\n\t\t\t\t\t\t\t<div class=\"elementor-widget-wrap\">\n\t\t\t\t\t\t<div class=\"elementor-element elementor-element-106cd3cf elementor-widget elementor-widget-heading\" data-id=\"106cd3cf\" data-element_type=\"widget\" data-widget_type=\"heading.default\">\n\t\t\t\t<div class=\"elementor-widget-container\">\n\t\t\t<h3 class=\"elementor-heading-title elementor-size-large\">Panneaux publicitaires<br>et enseignes sur bordeaux<\/h3>\t\t<\/div>\n\t\t\t\t<\/div>\n\t\t\t\t<div class=\"elementor-element elementor-element-388111e0 elementor-widget-divider--view-line elementor-widget elementor-widget-divider\" data-id=\"388111e0\" data-element_type=\"widget\" data-widget_type=\"divider.default\">\n\t\t\t\t<div class=\"elementor-widget-container\">\n\t\t\t\t\t<div class=\"elementor-divider\">\n\t\t\t<span class=\"elementor-divider-separator\">\n\t\t\t\t\t\t<\/span>\n\t\t<\/div>\n\t\t\t\t<\/div>\n\t\t\t\t<\/div>\n\t\t\t\t<div class=\"elementor-element elementor-element-5a8f420a elementor-widget elementor-widget-text-editor\" data-id=\"5a8f420a\" data-element_type=\"widget\" data-widget_type=\"text-editor.default\">\n\t\t\t\t<div class=\"elementor-widget-container\">\n\t\t\t\t\t\t\t\t<div class=\"elementor-text-editor elementor-clearfix\">\n\t\t\t\t<h1>Enseignes, Caissons, Drapeaux Lumineux, Lettres D\u00e9coup\u00e9es ou Panneaux : \u00e0 vous de choisir !<\/h1>\t\t\t\t\t<\/div>\n\t\t\t\t\t\t<\/div>\n\t\t\t\t<\/div>\n\t\t\t\t\t\t<\/div>\n\t\t\t\t\t<\/div>\n\t\t<\/div>\n\t\t\t\t<div class=\"elementor-column elementor-col-50 elementor-inner-column elementor-element elementor-element-3dbea55e\" data-id=\"3dbea55e\" data-element_type=\"column\" data-settings=\"{&quot;background_background&quot;:&quot;classic&quot;}\">\n\t\t\t<div class=\"elementor-column-wrap elementor-element-populated\">\n\t\t\t\t\t\t\t<div class=\"elementor-widget-wrap\">\n\t\t\t\t\t\t<div class=\"elementor-element elementor-element-9a50f29 elementor-widget elementor-widget-spacer\" data-id=\"9a50f29\" data-element_type=\"widget\" data-widget_type=\"spacer.default\">\n\t\t\t\t<div class=\"elementor-widget-container\">\n\t\t\t\t\t<div class=\"elementor-spacer\">\n\t\t\t<div class=\"elementor-spacer-inner\"><\/div>\n\t\t<\/div>\n\t\t\t\t<\/div>\n\t\t\t\t<\/div>\n\t\t\t\t\t\t<\/div>\n\t\t\t\t\t<\/div>\n\t\t<\/div>\n\t\t\t\t\t\t\t\t<\/div>\n\t\t\t\t\t<\/div>\n\t\t<\/section>\n\t\t\t\t<section class=\"elementor-section elementor-inner-section elementor-element elementor-element-596f65d9 elementor-section-content-middle elementor-reverse-mobile elementor-section-boxed elementor-section-height-default elementor-section-height-default\" data-id=\"596f65d9\" data-element_type=\"section\">\n\t\t\t\t\t\t<div class=\"elementor-container elementor-column-gap-no\">\n\t\t\t\t\t\t\t<div class=\"elementor-row\">\n\t\t\t\t\t<div class=\"elementor-column elementor-col-50 elementor-inner-column elementor-element elementor-element-3b8ba954\" data-id=\"3b8ba954\" data-element_type=\"column\" data-settings=\"{&quot;background_background&quot;:&quot;slideshow&quot;,&quot;background_slideshow_gallery&quot;:[{&quot;id&quot;:1880,&quot;url&quot;:&quot;https:\\\/\\\/www.smsigna.com\\\/wp-content\\\/uploads\\\/2020\\\/12\\\/5-scaled.jpg&quot;},{&quot;id&quot;:3503,&quot;url&quot;:&quot;https:\\\/\\\/www.smsigna.com\\\/wp-content\\\/uploads\\\/2022\\\/06\\\/1.jpg&quot;},{&quot;id&quot;:3504,&quot;url&quot;:&quot;https:\\\/\\\/www.smsigna.com\\\/wp-content\\\/uploads\\\/2022\\\/06\\\/2.jpg&quot;}],&quot;background_slideshow_slide_transition&quot;:&quot;slide_left&quot;,&quot;background_slideshow_loop&quot;:&quot;yes&quot;,&quot;background_slideshow_slide_duration&quot;:5000,&quot;background_slideshow_transition_duration&quot;:500}\">\n\t\t\t<div class=\"elementor-column-wrap elementor-element-populated\">\n\t\t\t\t\t\t\t<div class=\"elementor-widget-wrap\">\n\t\t\t\t\t\t<div class=\"elementor-element elementor-element-8a0a008 elementor-widget elementor-widget-spacer\" data-id=\"8a0a008\" data-element_type=\"widget\" data-widget_type=\"spacer.default\">\n\t\t\t\t<div class=\"elementor-widget-container\">\n\t\t\t\t\t<div class=\"elementor-spacer\">\n\t\t\t<div class=\"elementor-spacer-inner\"><\/div>\n\t\t<\/div>\n\t\t\t\t<\/div>\n\t\t\t\t<\/div>\n\t\t\t\t\t\t<\/div>\n\t\t\t\t\t<\/div>\n\t\t<\/div>\n\t\t\t\t<div class=\"elementor-column elementor-col-50 elementor-inner-column elementor-element elementor-element-6b7fbce6\" data-id=\"6b7fbce6\" data-element_type=\"column\" data-settings=\"{&quot;background_background&quot;:&quot;classic&quot;}\">\n\t\t\t<div class=\"elementor-column-wrap elementor-element-populated\">\n\t\t\t\t\t\t\t<div class=\"elementor-widget-wrap\">\n\t\t\t\t\t\t<div class=\"elementor-element elementor-element-130a5a97 elementor-widget elementor-widget-heading\" data-id=\"130a5a97\" data-element_type=\"widget\" data-widget_type=\"heading.default\">\n\t\t\t\t<div class=\"elementor-widget-container\">\n\t\t\t<h3 class=\"elementor-heading-title elementor-size-large\">Enseigne en plexi transparent- Eysines<\/h3>\t\t<\/div>\n\t\t\t\t<\/div>\n\t\t\t\t<div class=\"elementor-element elementor-element-5ca8eaa elementor-widget-divider--view-line elementor-widget elementor-widget-divider\" data-id=\"5ca8eaa\" data-element_type=\"widget\" data-widget_type=\"divider.default\">\n\t\t\t\t<div class=\"elementor-widget-container\">\n\t\t\t\t\t<div class=\"elementor-divider\">\n\t\t\t<span class=\"elementor-divider-separator\">\n\t\t\t\t\t\t<\/span>\n\t\t<\/div>\n\t\t\t\t<\/div>\n\t\t\t\t<\/div>\n\t\t\t\t<div class=\"elementor-element elementor-element-560228e8 elementor-widget elementor-widget-text-editor\" data-id=\"560228e8\" data-element_type=\"widget\" data-widget_type=\"text-editor.default\">\n\t\t\t\t<div class=\"elementor-widget-container\">\n\t\t\t\t\t\t\t\t<div class=\"elementor-text-editor elementor-clearfix\">\n\t\t\t\t<p>Votre enseigne est un atout majeur pour am\u00e9liorer votre visibilit\u00e9. Ainsi, elle va vous permettre\u00a0:\u00a0<\/p><ul><li>De d\u00e9velopper la notori\u00e9t\u00e9 de votre soci\u00e9t\u00e9\u00a0\u00a0<\/li><li>D&rsquo;attirer l&rsquo;attention de vos clients potentiels\u00a0<\/li><li>De personnaliser votre entreprise \u00e0 votre image\u00a0<\/li><\/ul><p>\u00a0<\/p>\t\t\t\t\t<\/div>\n\t\t\t\t\t\t<\/div>\n\t\t\t\t<\/div>\n\t\t\t\t\t\t<\/div>\n\t\t\t\t\t<\/div>\n\t\t<\/div>\n\t\t\t\t\t\t\t\t<\/div>\n\t\t\t\t\t<\/div>\n\t\t<\/section>\n\t\t\t\t\t\t<\/div>\n\t\t\t\t\t<\/div>\n\t\t<\/div>\n\t\t\t\t\t\t\t\t<\/div>\n\t\t\t\t\t<\/div>\n\t\t<\/section>\n\t\t\t\t\t\t\t\t\t<\/div>\n\t\t\t<\/div>\n\t\t\t\t\t<\/div>\n\t\t","protected":false},"excerpt":{"rendered":"<p>Panneaux publicitaireset enseignes sur bordeaux Enseignes, Caissons, Drapeaux Lumineux, Lettres D\u00e9coup\u00e9es ou Panneaux : \u00e0 vous de choisir ! Enseigne en plexi [&hellip;]<\/p>\n","protected":false},"author":1,"featured_media":0,"parent":0,"menu_order":0,"comment_status":"closed","ping_status":"closed","template":"","meta":{"footnotes":""},"class_list":["post-2955","page","type-page","status-publish","hentry"],"yoast_head":"<!-- This site is optimized with the Yoast SEO plugin v23.8 - https:\/\/yoast.com\/wordpress\/plugins\/seo\/ -->\n<title>Soci\u00e9t\u00e9 moderne des signalisations - Enseigne bordeaux<\/title>\n<meta name=\"description\" content=\"Enseigne bordeaux signal\u00e9tique ext\u00e9rieure - fabrication pose maintenance - bordeaux - r\u00e9gion nouvel aquitaine\" \/>\n<meta name=\"robots\" content=\"index, follow, max-snippet:-1, max-image-preview:large, max-video-preview:-1\" \/>\n<link rel=\"canonical\" href=\"https:\/\/www.smsigna.com\/index.php\/enseigne-bordeaux\/\" \/>\n<meta property=\"og:locale\" content=\"fr_FR\" \/>\n<meta property=\"og:type\" content=\"article\" \/>\n<meta property=\"og:title\" content=\"Soci\u00e9t\u00e9 moderne des signalisations - Enseigne bordeaux\" \/>\n<meta property=\"og:description\" content=\"Enseigne bordeaux signal\u00e9tique ext\u00e9rieure - fabrication pose maintenance - bordeaux - r\u00e9gion nouvel aquitaine\" \/>\n<meta property=\"og:url\" content=\"https:\/\/www.smsigna.com\/index.php\/enseigne-bordeaux\/\" \/>\n<meta property=\"og:site_name\" content=\"Soci\u00e9t\u00e9 moderne des signalisations\" \/>\n<meta property=\"article:modified_time\" content=\"2022-06-21T09:13:12+00:00\" \/>\n<meta name=\"twitter:card\" content=\"summary_large_image\" \/>\n<meta name=\"twitter:label1\" content=\"Dur\u00e9e de lecture estim\u00e9e\" \/>\n\t<meta name=\"twitter:data1\" content=\"1 minute\" \/>\n<script type=\"application\/ld+json\" class=\"yoast-schema-graph\">{\"@context\":\"https:\/\/schema.org\",\"@graph\":[{\"@type\":\"WebPage\",\"@id\":\"https:\/\/www.smsigna.com\/index.php\/enseigne-bordeaux\/\",\"url\":\"https:\/\/www.smsigna.com\/index.php\/enseigne-bordeaux\/\",\"name\":\"Soci\u00e9t\u00e9 moderne des signalisations - Enseigne bordeaux\",\"isPartOf\":{\"@id\":\"https:\/\/www.smsigna.com\/#website\"},\"datePublished\":\"2021-01-25T15:06:00+00:00\",\"dateModified\":\"2022-06-21T09:13:12+00:00\",\"description\":\"Enseigne bordeaux signal\u00e9tique ext\u00e9rieure - fabrication pose maintenance - bordeaux - r\u00e9gion nouvel aquitaine\",\"breadcrumb\":{\"@id\":\"https:\/\/www.smsigna.com\/index.php\/enseigne-bordeaux\/#breadcrumb\"},\"inLanguage\":\"fr-FR\",\"potentialAction\":[{\"@type\":\"ReadAction\",\"target\":[\"https:\/\/www.smsigna.com\/index.php\/enseigne-bordeaux\/\"]}]},{\"@type\":\"BreadcrumbList\",\"@id\":\"https:\/\/www.smsigna.com\/index.php\/enseigne-bordeaux\/#breadcrumb\",\"itemListElement\":[{\"@type\":\"ListItem\",\"position\":1,\"name\":\"Accueil\",\"item\":\"https:\/\/www.smsigna.com\/\"},{\"@type\":\"ListItem\",\"position\":2,\"name\":\"Enseigne\"}]},{\"@type\":\"WebSite\",\"@id\":\"https:\/\/www.smsigna.com\/#website\",\"url\":\"https:\/\/www.smsigna.com\/\",\"name\":\"Soci\u00e9t\u00e9 moderne des signalisations\",\"description\":\"soci\u00e9t\u00e9 de signalisation\",\"publisher\":{\"@id\":\"https:\/\/www.smsigna.com\/#organization\"},\"potentialAction\":[{\"@type\":\"SearchAction\",\"target\":{\"@type\":\"EntryPoint\",\"urlTemplate\":\"https:\/\/www.smsigna.com\/?s={search_term_string}\"},\"query-input\":{\"@type\":\"PropertyValueSpecification\",\"valueRequired\":true,\"valueName\":\"search_term_string\"}}],\"inLanguage\":\"fr-FR\"},{\"@type\":\"Organization\",\"@id\":\"https:\/\/www.smsigna.com\/#organization\",\"name\":\"soci\u00e9t\u00e9 moderne des signalisations\",\"url\":\"https:\/\/www.smsigna.com\/\",\"logo\":{\"@type\":\"ImageObject\",\"inLanguage\":\"fr-FR\",\"@id\":\"https:\/\/www.smsigna.com\/#\/schema\/logo\/image\/\",\"url\":\"https:\/\/www.smsigna.com\/wp-content\/uploads\/2021\/01\/logo-rond-sms-2020.jpg\",\"contentUrl\":\"https:\/\/www.smsigna.com\/wp-content\/uploads\/2021\/01\/logo-rond-sms-2020.jpg\",\"width\":1499,\"height\":1306,\"caption\":\"soci\u00e9t\u00e9 moderne des signalisations\"},\"image\":{\"@id\":\"https:\/\/www.smsigna.com\/#\/schema\/logo\/image\/\"}}]}<\/script>\n<!-- \/ Yoast SEO plugin. -->","yoast_head_json":{"title":"Soci\u00e9t\u00e9 moderne des signalisations - Enseigne bordeaux","description":"Enseigne bordeaux signal\u00e9tique ext\u00e9rieure - fabrication pose maintenance - bordeaux - r\u00e9gion nouvel aquitaine","robots":{"index":"index","follow":"follow","max-snippet":"max-snippet:-1","max-image-preview":"max-image-preview:large","max-video-preview":"max-video-preview:-1"},"canonical":"https:\/\/www.smsigna.com\/index.php\/enseigne-bordeaux\/","og_locale":"fr_FR","og_type":"article","og_title":"Soci\u00e9t\u00e9 moderne des signalisations - Enseigne bordeaux","og_description":"Enseigne bordeaux signal\u00e9tique ext\u00e9rieure - fabrication pose maintenance - bordeaux - r\u00e9gion nouvel aquitaine","og_url":"https:\/\/www.smsigna.com\/index.php\/enseigne-bordeaux\/","og_site_name":"Soci\u00e9t\u00e9 moderne des signalisations","article_modified_time":"2022-06-21T09:13:12+00:00","twitter_card":"summary_large_image","twitter_misc":{"Dur\u00e9e de lecture estim\u00e9e":"1 minute"},"schema":{"@context":"https:\/\/schema.org","@graph":[{"@type":"WebPage","@id":"https:\/\/www.smsigna.com\/index.php\/enseigne-bordeaux\/","url":"https:\/\/www.smsigna.com\/index.php\/enseigne-bordeaux\/","name":"Soci\u00e9t\u00e9 moderne des signalisations - Enseigne bordeaux","isPartOf":{"@id":"https:\/\/www.smsigna.com\/#website"},"datePublished":"2021-01-25T15:06:00+00:00","dateModified":"2022-06-21T09:13:12+00:00","description":"Enseigne bordeaux signal\u00e9tique ext\u00e9rieure - fabrication pose maintenance - bordeaux - r\u00e9gion nouvel aquitaine","breadcrumb":{"@id":"https:\/\/www.smsigna.com\/index.php\/enseigne-bordeaux\/#breadcrumb"},"inLanguage":"fr-FR","potentialAction":[{"@type":"ReadAction","target":["https:\/\/www.smsigna.com\/index.php\/enseigne-bordeaux\/"]}]},{"@type":"BreadcrumbList","@id":"https:\/\/www.smsigna.com\/index.php\/enseigne-bordeaux\/#breadcrumb","itemListElement":[{"@type":"ListItem","position":1,"name":"Accueil","item":"https:\/\/www.smsigna.com\/"},{"@type":"ListItem","position":2,"name":"Enseigne"}]},{"@type":"WebSite","@id":"https:\/\/www.smsigna.com\/#website","url":"https:\/\/www.smsigna.com\/","name":"Soci\u00e9t\u00e9 moderne des signalisations","description":"soci\u00e9t\u00e9 de signalisation","publisher":{"@id":"https:\/\/www.smsigna.com\/#organization"},"potentialAction":[{"@type":"SearchAction","target":{"@type":"EntryPoint","urlTemplate":"https:\/\/www.smsigna.com\/?s={search_term_string}"},"query-input":{"@type":"PropertyValueSpecification","valueRequired":true,"valueName":"search_term_string"}}],"inLanguage":"fr-FR"},{"@type":"Organization","@id":"https:\/\/www.smsigna.com\/#organization","name":"soci\u00e9t\u00e9 moderne des signalisations","url":"https:\/\/www.smsigna.com\/","logo":{"@type":"ImageObject","inLanguage":"fr-FR","@id":"https:\/\/www.smsigna.com\/#\/schema\/logo\/image\/","url":"https:\/\/www.smsigna.com\/wp-content\/uploads\/2021\/01\/logo-rond-sms-2020.jpg","contentUrl":"https:\/\/www.smsigna.com\/wp-content\/uploads\/2021\/01\/logo-rond-sms-2020.jpg","width":1499,"height":1306,"caption":"soci\u00e9t\u00e9 moderne des signalisations"},"image":{"@id":"https:\/\/www.smsigna.com\/#\/schema\/logo\/image\/"}}]}},"_links":{"self":[{"href":"https:\/\/www.smsigna.com\/index.php\/wp-json\/wp\/v2\/pages\/2955","targetHints":{"allow":["GET"]}}],"collection":[{"href":"https:\/\/www.smsigna.com\/index.php\/wp-json\/wp\/v2\/pages"}],"about":[{"href":"https:\/\/www.smsigna.com\/index.php\/wp-json\/wp\/v2\/types\/page"}],"author":[{"embeddable":true,"href":"https:\/\/www.smsigna.com\/index.php\/wp-json\/wp\/v2\/users\/1"}],"replies":[{"embeddable":true,"href":"https:\/\/www.smsigna.com\/index.php\/wp-json\/wp\/v2\/comments?post=2955"}],"version-history":[{"count":17,"href":"https:\/\/www.smsigna.com\/index.php\/wp-json\/wp\/v2\/pages\/2955\/revisions"}],"predecessor-version":[{"id":3507,"href":"https:\/\/www.smsigna.com\/index.php\/wp-json\/wp\/v2\/pages\/2955\/revisions\/3507"}],"wp:attachment":[{"href":"https:\/\/www.smsigna.com\/index.php\/wp-json\/wp\/v2\/media?parent=2955"}],"curies":[{"name":"wp","href":"https:\/\/api.w.org\/{rel}","templated":true}]}}