{"id":2,"date":"2020-12-04T08:55:31","date_gmt":"2020-12-04T07:55:31","guid":{"rendered":"https:\/\/www.smsigna.com\/?page_id=2"},"modified":"2025-12-11T11:08:11","modified_gmt":"2025-12-11T10:08:11","slug":"societe-moderne-des-signalisations-bordeaux","status":"publish","type":"page","link":"https:\/\/www.smsigna.com\/index.php\/societe-moderne-des-signalisations-bordeaux\/","title":{"rendered":"Pr\u00e9sentation de l&rsquo;entreprise"},"content":{"rendered":"\t\t<div data-elementor-type=\"wp-page\" data-elementor-id=\"2\" class=\"elementor elementor-2\">\n\t\t\t\t\t\t<div class=\"elementor-inner\">\n\t\t\t\t<div class=\"elementor-section-wrap\">\n\t\t\t\t\t\t\t\t\t<section class=\"elementor-section elementor-top-section elementor-element elementor-element-647d6523 elementor-section-content-bottom elementor-section-stretched elementor-section-height-min-height elementor-section-items-bottom elementor-section-boxed elementor-section-height-default\" data-id=\"647d6523\" data-element_type=\"section\" data-settings=\"{&quot;background_background&quot;:&quot;classic&quot;,&quot;stretch_section&quot;:&quot;section-stretched&quot;}\">\n\t\t\t\t\t\t<div class=\"elementor-container elementor-column-gap-narrow\">\n\t\t\t\t\t\t\t<div class=\"elementor-row\">\n\t\t\t\t\t<div class=\"elementor-column elementor-col-50 elementor-top-column elementor-element elementor-element-335a6512 elementor-invisible\" data-id=\"335a6512\" data-element_type=\"column\" data-settings=\"{&quot;background_background&quot;:&quot;slideshow&quot;,&quot;background_slideshow_gallery&quot;:[{&quot;id&quot;:3272,&quot;url&quot;:&quot;https:\\\/\\\/www.smsigna.com\\\/wp-content\\\/uploads\\\/2022\\\/01\\\/cardboard-logo-mockup.jpg&quot;}],&quot;animation&quot;:&quot;fadeInLeft&quot;,&quot;background_slideshow_loop&quot;:&quot;yes&quot;,&quot;background_slideshow_slide_duration&quot;:5000,&quot;background_slideshow_slide_transition&quot;:&quot;fade&quot;,&quot;background_slideshow_transition_duration&quot;:500}\">\n\t\t\t<div class=\"elementor-column-wrap elementor-element-populated\">\n\t\t\t\t\t\t\t<div class=\"elementor-widget-wrap\">\n\t\t\t\t\t\t<div class=\"elementor-element elementor-element-34d984eb elementor-invisible elementor-widget elementor-widget-image\" data-id=\"34d984eb\" data-element_type=\"widget\" data-settings=\"{&quot;_animation&quot;:&quot;fadeInLeft&quot;}\" data-widget_type=\"image.default\">\n\t\t\t\t<div class=\"elementor-widget-container\">\n\t\t\t\t\t\t\t\t<div class=\"elementor-image\">\n\t\t\t\t\t\t\t\t\t\t\t\t<img decoding=\"async\" src=\"http:\/\/www.smsigna.com\/wp-content\/uploads\/2020\/12\/IMG_20200722_154635-scaled.jpg\" title=\"\" alt=\"\" class=\"elementor-animation-shrink\" \/>\t\t\t\t\t\t\t\t\t\t\t\t\t\t<\/div>\n\t\t\t\t\t\t<\/div>\n\t\t\t\t<\/div>\n\t\t\t\t\t\t<\/div>\n\t\t\t\t\t<\/div>\n\t\t<\/div>\n\t\t\t\t<div class=\"elementor-column elementor-col-50 elementor-top-column elementor-element elementor-element-71d5020c\" data-id=\"71d5020c\" data-element_type=\"column\" data-settings=\"{&quot;background_background&quot;:&quot;classic&quot;}\">\n\t\t\t<div class=\"elementor-column-wrap elementor-element-populated\">\n\t\t\t\t\t\t\t<div class=\"elementor-widget-wrap\">\n\t\t\t\t\t\t<div class=\"elementor-element elementor-element-34161608 elementor-view-stacked elementor-shape-circle elementor-widget elementor-widget-icon\" data-id=\"34161608\" data-element_type=\"widget\" data-widget_type=\"icon.default\">\n\t\t\t\t<div class=\"elementor-widget-container\">\n\t\t\t\t\t<div class=\"elementor-icon-wrapper\">\n\t\t\t<div class=\"elementor-icon elementor-animation-grow\">\n\t\t\t<i aria-hidden=\"true\" class=\"far fa-building\"><\/i>\t\t\t<\/div>\n\t\t<\/div>\n\t\t\t\t<\/div>\n\t\t\t\t<\/div>\n\t\t\t\t<div class=\"elementor-element elementor-element-22e056e elementor-widget__width-initial elementor-invisible elementor-widget elementor-widget-text-editor\" data-id=\"22e056e\" data-element_type=\"widget\" data-settings=\"{&quot;_animation&quot;:&quot;slideInDown&quot;}\" data-widget_type=\"text-editor.default\">\n\t\t\t\t<div class=\"elementor-widget-container\">\n\t\t\t\t\t\t\t\t<div class=\"elementor-text-editor elementor-clearfix\">\n\t\t\t\t<h1><em>SMS, Soci\u00e9t\u00e9 Moderne des Signalisations, est le sp\u00e9cialiste de la signalisation routi\u00e8re ou personnalis\u00e9e, sur Bordeaux et sa r\u00e9gion.<\/em><\/h1><p>La soci\u00e9t\u00e9 a \u00e9t\u00e9 <strong>cr\u00e9\u00e9e en 2012<\/strong> par <strong>Emmanuel BASQUE<\/strong>, acteur pr\u00e9pond\u00e9rant dans le domaine de la signalisation depuis plusieurs ann\u00e9es.<\/p>\t\t\t\t\t<\/div>\n\t\t\t\t\t\t<\/div>\n\t\t\t\t<\/div>\n\t\t\t\t\t\t<\/div>\n\t\t\t\t\t<\/div>\n\t\t<\/div>\n\t\t\t\t\t\t\t\t<\/div>\n\t\t\t\t\t<\/div>\n\t\t<\/section>\n\t\t\t\t<section class=\"elementor-section elementor-top-section elementor-element elementor-element-ad3a70a elementor-section-content-middle elementor-reverse-mobile elementor-section-stretched elementor-section-boxed elementor-section-height-default elementor-section-height-default\" data-id=\"ad3a70a\" data-element_type=\"section\" data-settings=\"{&quot;background_background&quot;:&quot;classic&quot;,&quot;stretch_section&quot;:&quot;section-stretched&quot;}\">\n\t\t\t\t\t\t<div class=\"elementor-container elementor-column-gap-narrow\">\n\t\t\t\t\t\t\t<div class=\"elementor-row\">\n\t\t\t\t\t<div class=\"elementor-column elementor-col-50 elementor-top-column elementor-element elementor-element-2103699b\" data-id=\"2103699b\" data-element_type=\"column\" data-settings=\"{&quot;background_background&quot;:&quot;classic&quot;}\">\n\t\t\t<div class=\"elementor-column-wrap elementor-element-populated\">\n\t\t\t\t\t\t\t<div class=\"elementor-widget-wrap\">\n\t\t\t\t\t\t<div class=\"elementor-element elementor-element-3e65c6a elementor-view-stacked elementor-shape-circle elementor-widget elementor-widget-icon\" data-id=\"3e65c6a\" data-element_type=\"widget\" data-widget_type=\"icon.default\">\n\t\t\t\t<div class=\"elementor-widget-container\">\n\t\t\t\t\t<div class=\"elementor-icon-wrapper\">\n\t\t\t<div class=\"elementor-icon\">\n\t\t\t<i aria-hidden=\"true\" class=\"fas fa-road\"><\/i>\t\t\t<\/div>\n\t\t<\/div>\n\t\t\t\t<\/div>\n\t\t\t\t<\/div>\n\t\t\t\t<div class=\"elementor-element elementor-element-79911320 elementor-invisible elementor-widget elementor-widget-text-editor\" data-id=\"79911320\" data-element_type=\"widget\" data-settings=\"{&quot;_animation&quot;:&quot;slideInUp&quot;}\" data-widget_type=\"text-editor.default\">\n\t\t\t\t<div class=\"elementor-widget-container\">\n\t\t\t\t\t\t\t\t<div class=\"elementor-text-editor elementor-clearfix\">\n\t\t\t\t<h2>Notre soci\u00e9t\u00e9 \u00e0 taille humaine prend en charge <strong>la cr\u00e9ation, la fourniture et la pose de panneaux<\/strong>, <i>que ce soit de la signal\u00e9tique, signalisation ou du mobilier<\/i> urbain, tant pour les professionnels que les particuliers.<\/h2><p>Notre force r\u00e9side dans notre capacit\u00e9 d\u2019adaptation aux exigences sp\u00e9cifiques de nos clients, telles que la personnalisation en forme, en profil\u00e9, en couleur, en m\u00e9taux\u2026 <strong>\u00catre \u00e0 proximit\u00e9 et \u00e0 l\u2019\u00e9coute de nos clients<\/strong> est le point fort de notre entreprise pour r\u00e9pondre \u00e0 leur demande.<\/p>\t\t\t\t\t<\/div>\n\t\t\t\t\t\t<\/div>\n\t\t\t\t<\/div>\n\t\t\t\t\t\t<\/div>\n\t\t\t\t\t<\/div>\n\t\t<\/div>\n\t\t\t\t<div class=\"elementor-column elementor-col-50 elementor-top-column elementor-element elementor-element-c03ee1d elementor-invisible\" data-id=\"c03ee1d\" data-element_type=\"column\" data-settings=\"{&quot;background_background&quot;:&quot;slideshow&quot;,&quot;background_slideshow_slide_transition&quot;:&quot;slide_right&quot;,&quot;animation&quot;:&quot;fadeInRight&quot;,&quot;background_slideshow_gallery&quot;:[{&quot;id&quot;:2594,&quot;url&quot;:&quot;https:\\\/\\\/www.smsigna.com\\\/wp-content\\\/uploads\\\/2021\\\/01\\\/8-scaled.jpg&quot;}],&quot;background_slideshow_loop&quot;:&quot;yes&quot;,&quot;background_slideshow_slide_duration&quot;:5000,&quot;background_slideshow_transition_duration&quot;:500}\">\n\t\t\t<div class=\"elementor-column-wrap\">\n\t\t\t\t\t\t\t<div class=\"elementor-widget-wrap\">\n\t\t\t\t\t\t\t\t<\/div>\n\t\t\t\t\t<\/div>\n\t\t<\/div>\n\t\t\t\t\t\t\t\t<\/div>\n\t\t\t\t\t<\/div>\n\t\t<\/section>\n\t\t\t\t<section class=\"elementor-section elementor-top-section elementor-element elementor-element-f560836 elementor-section-stretched elementor-section-boxed elementor-section-height-default elementor-section-height-default\" data-id=\"f560836\" data-element_type=\"section\" data-settings=\"{&quot;stretch_section&quot;:&quot;section-stretched&quot;}\">\n\t\t\t\t\t\t<div class=\"elementor-container elementor-column-gap-default\">\n\t\t\t\t\t\t\t<div class=\"elementor-row\">\n\t\t\t\t\t<div class=\"elementor-column elementor-col-100 elementor-top-column elementor-element elementor-element-05133d3\" data-id=\"05133d3\" data-element_type=\"column\">\n\t\t\t<div class=\"elementor-column-wrap elementor-element-populated\">\n\t\t\t\t\t\t\t<div class=\"elementor-widget-wrap\">\n\t\t\t\t\t\t<div class=\"elementor-element elementor-element-48af737 elementor-widget__width-inherit elementor-invisible elementor-widget elementor-widget-text-editor\" data-id=\"48af737\" data-element_type=\"widget\" data-settings=\"{&quot;_animation&quot;:&quot;zoomIn&quot;}\" data-widget_type=\"text-editor.default\">\n\t\t\t\t<div class=\"elementor-widget-container\">\n\t\t\t\t\t\t\t\t<div class=\"elementor-text-editor elementor-clearfix\">\n\t\t\t\t<h2><em><strong>Emmanuel Basque\u00a0<\/strong><\/em><\/h2><p><i>\u00ab\u00a0Notre savoir-faire est de vous offrir le meilleur service possible. Chaque client compte, votre r\u00e9ussite repose sur une communication efficace.\u00a0 Nous avons \u00e0 c\u0153ur de vous accompagner durablement vers un avenir prosp\u00e8re. Construisons-le ensemble.\u00a0\u00bb<\/i><\/p>\t\t\t\t\t<\/div>\n\t\t\t\t\t\t<\/div>\n\t\t\t\t<\/div>\n\t\t\t\t<div class=\"elementor-element elementor-element-2b206b6 elementor-widget elementor-widget-spacer\" data-id=\"2b206b6\" data-element_type=\"widget\" data-widget_type=\"spacer.default\">\n\t\t\t\t<div class=\"elementor-widget-container\">\n\t\t\t\t\t<div class=\"elementor-spacer\">\n\t\t\t<div class=\"elementor-spacer-inner\"><\/div>\n\t\t<\/div>\n\t\t\t\t<\/div>\n\t\t\t\t<\/div>\n\t\t\t\t\t\t<\/div>\n\t\t\t\t\t<\/div>\n\t\t<\/div>\n\t\t\t\t\t\t\t\t<\/div>\n\t\t\t\t\t<\/div>\n\t\t<\/section>\n\t\t\t\t\t\t\t\t\t<\/div>\n\t\t\t<\/div>\n\t\t\t\t\t<\/div>\n\t\t","protected":false},"excerpt":{"rendered":"<p>SMS, Soci\u00e9t\u00e9 Moderne des Signalisations, est le sp\u00e9cialiste de la signalisation routi\u00e8re ou personnalis\u00e9e, sur Bordeaux et sa r\u00e9gion. La soci\u00e9t\u00e9 a [&hellip;]<\/p>\n","protected":false},"author":1,"featured_media":0,"parent":0,"menu_order":0,"comment_status":"closed","ping_status":"open","template":"","meta":{"footnotes":""},"class_list":["post-2","page","type-page","status-publish","hentry"],"yoast_head":"<!-- This site is optimized with the Yoast SEO plugin v23.8 - https:\/\/yoast.com\/wordpress\/plugins\/seo\/ -->\n<title>Soci\u00e9t\u00e9 moderne des signalisations pr\u00e9sentation de l&#039;entreprise<\/title>\n<meta name=\"description\" content=\"Soci\u00e9t\u00e9 moderne des signalisations - pr\u00e9sentation de l&#039;entreprise - Mr Basque - Signalisation - signal\u00e9tique - mobilier urbain - Bordeaux\" \/>\n<meta name=\"robots\" content=\"index, follow, max-snippet:-1, max-image-preview:large, max-video-preview:-1\" \/>\n<link rel=\"canonical\" href=\"https:\/\/www.smsigna.com\/index.php\/societe-moderne-des-signalisations-bordeaux\/\" \/>\n<meta property=\"og:locale\" content=\"fr_FR\" \/>\n<meta property=\"og:type\" content=\"article\" \/>\n<meta property=\"og:title\" content=\"Soci\u00e9t\u00e9 moderne des signalisations pr\u00e9sentation de l&#039;entreprise\" \/>\n<meta property=\"og:description\" content=\"Soci\u00e9t\u00e9 moderne des signalisations - pr\u00e9sentation de l&#039;entreprise - Mr Basque - Signalisation - signal\u00e9tique - mobilier urbain - Bordeaux\" \/>\n<meta property=\"og:url\" content=\"https:\/\/www.smsigna.com\/index.php\/societe-moderne-des-signalisations-bordeaux\/\" \/>\n<meta property=\"og:site_name\" content=\"Soci\u00e9t\u00e9 moderne des signalisations\" \/>\n<meta property=\"article:modified_time\" content=\"2025-12-11T10:08:11+00:00\" \/>\n<meta property=\"og:image\" content=\"http:\/\/www.smsigna.com\/wp-content\/uploads\/2020\/12\/IMG_20200722_154635-scaled.jpg\" \/>\n<meta name=\"twitter:card\" content=\"summary_large_image\" \/>\n<meta name=\"twitter:label1\" content=\"Dur\u00e9e de lecture estim\u00e9e\" \/>\n\t<meta name=\"twitter:data1\" content=\"2 minutes\" \/>\n<script type=\"application\/ld+json\" class=\"yoast-schema-graph\">{\"@context\":\"https:\/\/schema.org\",\"@graph\":[{\"@type\":\"WebPage\",\"@id\":\"https:\/\/www.smsigna.com\/index.php\/societe-moderne-des-signalisations-bordeaux\/\",\"url\":\"https:\/\/www.smsigna.com\/index.php\/societe-moderne-des-signalisations-bordeaux\/\",\"name\":\"Soci\u00e9t\u00e9 moderne des signalisations pr\u00e9sentation de l'entreprise\",\"isPartOf\":{\"@id\":\"https:\/\/www.smsigna.com\/#website\"},\"primaryImageOfPage\":{\"@id\":\"https:\/\/www.smsigna.com\/index.php\/societe-moderne-des-signalisations-bordeaux\/#primaryimage\"},\"image\":{\"@id\":\"https:\/\/www.smsigna.com\/index.php\/societe-moderne-des-signalisations-bordeaux\/#primaryimage\"},\"thumbnailUrl\":\"http:\/\/www.smsigna.com\/wp-content\/uploads\/2020\/12\/IMG_20200722_154635-scaled.jpg\",\"datePublished\":\"2020-12-04T07:55:31+00:00\",\"dateModified\":\"2025-12-11T10:08:11+00:00\",\"description\":\"Soci\u00e9t\u00e9 moderne des signalisations - pr\u00e9sentation de l'entreprise - Mr Basque - Signalisation - signal\u00e9tique - mobilier urbain - Bordeaux\",\"breadcrumb\":{\"@id\":\"https:\/\/www.smsigna.com\/index.php\/societe-moderne-des-signalisations-bordeaux\/#breadcrumb\"},\"inLanguage\":\"fr-FR\",\"potentialAction\":[{\"@type\":\"ReadAction\",\"target\":[\"https:\/\/www.smsigna.com\/index.php\/societe-moderne-des-signalisations-bordeaux\/\"]}]},{\"@type\":\"ImageObject\",\"inLanguage\":\"fr-FR\",\"@id\":\"https:\/\/www.smsigna.com\/index.php\/societe-moderne-des-signalisations-bordeaux\/#primaryimage\",\"url\":\"http:\/\/www.smsigna.com\/wp-content\/uploads\/2020\/12\/IMG_20200722_154635-scaled.jpg\",\"contentUrl\":\"http:\/\/www.smsigna.com\/wp-content\/uploads\/2020\/12\/IMG_20200722_154635-scaled.jpg\"},{\"@type\":\"BreadcrumbList\",\"@id\":\"https:\/\/www.smsigna.com\/index.php\/societe-moderne-des-signalisations-bordeaux\/#breadcrumb\",\"itemListElement\":[{\"@type\":\"ListItem\",\"position\":1,\"name\":\"Accueil\",\"item\":\"https:\/\/www.smsigna.com\/\"},{\"@type\":\"ListItem\",\"position\":2,\"name\":\"Pr\u00e9sentation de l&rsquo;entreprise\"}]},{\"@type\":\"WebSite\",\"@id\":\"https:\/\/www.smsigna.com\/#website\",\"url\":\"https:\/\/www.smsigna.com\/\",\"name\":\"Soci\u00e9t\u00e9 moderne des signalisations\",\"description\":\"soci\u00e9t\u00e9 de signalisation\",\"publisher\":{\"@id\":\"https:\/\/www.smsigna.com\/#organization\"},\"potentialAction\":[{\"@type\":\"SearchAction\",\"target\":{\"@type\":\"EntryPoint\",\"urlTemplate\":\"https:\/\/www.smsigna.com\/?s={search_term_string}\"},\"query-input\":{\"@type\":\"PropertyValueSpecification\",\"valueRequired\":true,\"valueName\":\"search_term_string\"}}],\"inLanguage\":\"fr-FR\"},{\"@type\":\"Organization\",\"@id\":\"https:\/\/www.smsigna.com\/#organization\",\"name\":\"soci\u00e9t\u00e9 moderne des signalisations\",\"url\":\"https:\/\/www.smsigna.com\/\",\"logo\":{\"@type\":\"ImageObject\",\"inLanguage\":\"fr-FR\",\"@id\":\"https:\/\/www.smsigna.com\/#\/schema\/logo\/image\/\",\"url\":\"https:\/\/www.smsigna.com\/wp-content\/uploads\/2021\/01\/logo-rond-sms-2020.jpg\",\"contentUrl\":\"https:\/\/www.smsigna.com\/wp-content\/uploads\/2021\/01\/logo-rond-sms-2020.jpg\",\"width\":1499,\"height\":1306,\"caption\":\"soci\u00e9t\u00e9 moderne des signalisations\"},\"image\":{\"@id\":\"https:\/\/www.smsigna.com\/#\/schema\/logo\/image\/\"}}]}<\/script>\n<!-- \/ Yoast SEO plugin. -->","yoast_head_json":{"title":"Soci\u00e9t\u00e9 moderne des signalisations pr\u00e9sentation de l'entreprise","description":"Soci\u00e9t\u00e9 moderne des signalisations - pr\u00e9sentation de l'entreprise - Mr Basque - Signalisation - signal\u00e9tique - mobilier urbain - Bordeaux","robots":{"index":"index","follow":"follow","max-snippet":"max-snippet:-1","max-image-preview":"max-image-preview:large","max-video-preview":"max-video-preview:-1"},"canonical":"https:\/\/www.smsigna.com\/index.php\/societe-moderne-des-signalisations-bordeaux\/","og_locale":"fr_FR","og_type":"article","og_title":"Soci\u00e9t\u00e9 moderne des signalisations pr\u00e9sentation de l'entreprise","og_description":"Soci\u00e9t\u00e9 moderne des signalisations - pr\u00e9sentation de l'entreprise - Mr Basque - Signalisation - signal\u00e9tique - mobilier urbain - Bordeaux","og_url":"https:\/\/www.smsigna.com\/index.php\/societe-moderne-des-signalisations-bordeaux\/","og_site_name":"Soci\u00e9t\u00e9 moderne des signalisations","article_modified_time":"2025-12-11T10:08:11+00:00","og_image":[{"url":"http:\/\/www.smsigna.com\/wp-content\/uploads\/2020\/12\/IMG_20200722_154635-scaled.jpg"}],"twitter_card":"summary_large_image","twitter_misc":{"Dur\u00e9e de lecture estim\u00e9e":"2 minutes"},"schema":{"@context":"https:\/\/schema.org","@graph":[{"@type":"WebPage","@id":"https:\/\/www.smsigna.com\/index.php\/societe-moderne-des-signalisations-bordeaux\/","url":"https:\/\/www.smsigna.com\/index.php\/societe-moderne-des-signalisations-bordeaux\/","name":"Soci\u00e9t\u00e9 moderne des signalisations pr\u00e9sentation de l'entreprise","isPartOf":{"@id":"https:\/\/www.smsigna.com\/#website"},"primaryImageOfPage":{"@id":"https:\/\/www.smsigna.com\/index.php\/societe-moderne-des-signalisations-bordeaux\/#primaryimage"},"image":{"@id":"https:\/\/www.smsigna.com\/index.php\/societe-moderne-des-signalisations-bordeaux\/#primaryimage"},"thumbnailUrl":"http:\/\/www.smsigna.com\/wp-content\/uploads\/2020\/12\/IMG_20200722_154635-scaled.jpg","datePublished":"2020-12-04T07:55:31+00:00","dateModified":"2025-12-11T10:08:11+00:00","description":"Soci\u00e9t\u00e9 moderne des signalisations - pr\u00e9sentation de l'entreprise - Mr Basque - Signalisation - signal\u00e9tique - mobilier urbain - Bordeaux","breadcrumb":{"@id":"https:\/\/www.smsigna.com\/index.php\/societe-moderne-des-signalisations-bordeaux\/#breadcrumb"},"inLanguage":"fr-FR","potentialAction":[{"@type":"ReadAction","target":["https:\/\/www.smsigna.com\/index.php\/societe-moderne-des-signalisations-bordeaux\/"]}]},{"@type":"ImageObject","inLanguage":"fr-FR","@id":"https:\/\/www.smsigna.com\/index.php\/societe-moderne-des-signalisations-bordeaux\/#primaryimage","url":"http:\/\/www.smsigna.com\/wp-content\/uploads\/2020\/12\/IMG_20200722_154635-scaled.jpg","contentUrl":"http:\/\/www.smsigna.com\/wp-content\/uploads\/2020\/12\/IMG_20200722_154635-scaled.jpg"},{"@type":"BreadcrumbList","@id":"https:\/\/www.smsigna.com\/index.php\/societe-moderne-des-signalisations-bordeaux\/#breadcrumb","itemListElement":[{"@type":"ListItem","position":1,"name":"Accueil","item":"https:\/\/www.smsigna.com\/"},{"@type":"ListItem","position":2,"name":"Pr\u00e9sentation de l&rsquo;entreprise"}]},{"@type":"WebSite","@id":"https:\/\/www.smsigna.com\/#website","url":"https:\/\/www.smsigna.com\/","name":"Soci\u00e9t\u00e9 moderne des signalisations","description":"soci\u00e9t\u00e9 de signalisation","publisher":{"@id":"https:\/\/www.smsigna.com\/#organization"},"potentialAction":[{"@type":"SearchAction","target":{"@type":"EntryPoint","urlTemplate":"https:\/\/www.smsigna.com\/?s={search_term_string}"},"query-input":{"@type":"PropertyValueSpecification","valueRequired":true,"valueName":"search_term_string"}}],"inLanguage":"fr-FR"},{"@type":"Organization","@id":"https:\/\/www.smsigna.com\/#organization","name":"soci\u00e9t\u00e9 moderne des signalisations","url":"https:\/\/www.smsigna.com\/","logo":{"@type":"ImageObject","inLanguage":"fr-FR","@id":"https:\/\/www.smsigna.com\/#\/schema\/logo\/image\/","url":"https:\/\/www.smsigna.com\/wp-content\/uploads\/2021\/01\/logo-rond-sms-2020.jpg","contentUrl":"https:\/\/www.smsigna.com\/wp-content\/uploads\/2021\/01\/logo-rond-sms-2020.jpg","width":1499,"height":1306,"caption":"soci\u00e9t\u00e9 moderne des signalisations"},"image":{"@id":"https:\/\/www.smsigna.com\/#\/schema\/logo\/image\/"}}]}},"_links":{"self":[{"href":"https:\/\/www.smsigna.com\/index.php\/wp-json\/wp\/v2\/pages\/2","targetHints":{"allow":["GET"]}}],"collection":[{"href":"https:\/\/www.smsigna.com\/index.php\/wp-json\/wp\/v2\/pages"}],"about":[{"href":"https:\/\/www.smsigna.com\/index.php\/wp-json\/wp\/v2\/types\/page"}],"author":[{"embeddable":true,"href":"https:\/\/www.smsigna.com\/index.php\/wp-json\/wp\/v2\/users\/1"}],"replies":[{"embeddable":true,"href":"https:\/\/www.smsigna.com\/index.php\/wp-json\/wp\/v2\/comments?post=2"}],"version-history":[{"count":314,"href":"https:\/\/www.smsigna.com\/index.php\/wp-json\/wp\/v2\/pages\/2\/revisions"}],"predecessor-version":[{"id":3750,"href":"https:\/\/www.smsigna.com\/index.php\/wp-json\/wp\/v2\/pages\/2\/revisions\/3750"}],"wp:attachment":[{"href":"https:\/\/www.smsigna.com\/index.php\/wp-json\/wp\/v2\/media?parent=2"}],"curies":[{"name":"wp","href":"https:\/\/api.w.org\/{rel}","templated":true}]}}